{"id":44721,"date":"2023-01-01T12:29:39","date_gmt":"2023-01-01T11:29:39","guid":{"rendered":"https:\/\/matierebrute.ch\/gtc\/"},"modified":"2023-10-06T13:37:53","modified_gmt":"2023-10-06T11:37:53","slug":"gtc","status":"publish","type":"page","link":"https:\/\/matierebrute.ch\/en\/gtc\/","title":{"rendered":"GTC"},"content":{"rendered":"\t\t<div data-elementor-type=\"wp-page\" data-elementor-id=\"44721\" class=\"elementor elementor-44721 elementor-29731\" data-elementor-post-type=\"page\">\n\t\t\t\t\t\t<section class=\"elementor-section elementor-top-section elementor-element elementor-element-d64e12a elementor-section-boxed elementor-section-height-default elementor-section-height-default\" data-id=\"d64e12a\" data-element_type=\"section\">\n\t\t\t\t\t\t<div class=\"elementor-container elementor-column-gap-default\">\n\t\t\t\t\t<div class=\"elementor-column elementor-col-100 elementor-top-column elementor-element elementor-element-666ffa2\" data-id=\"666ffa2\" data-element_type=\"column\">\n\t\t\t<div class=\"elementor-widget-wrap elementor-element-populated\">\n\t\t\t\t\t\t<div class=\"elementor-element elementor-element-426623e elementor-widget elementor-widget-text-editor\" data-id=\"426623e\" data-element_type=\"widget\" data-widget_type=\"text-editor.default\">\n\t\t\t\t<div class=\"elementor-widget-container\">\n\t\t\t\t\t\t\t\t\t<\/p>\n<hr>\n<p style=\"text-align: center;\"><b>MATIERE BRUTE &#8211; GENERAL TERMS AND CONDITIONS <\/b><\/p>\n<p><strong>Scope of application <\/strong><br \/>The present general terms and conditions (hereinafter the &#8220;GTC&#8221;), in the version in force at the time of the order, govern the contractual relationship between Marie-Laure Gally &#8211;<br \/>&#8220;Mati\u00e8re Brute&#8221; (hereinafter &#8220;Mati\u00e8re Brute&#8221;) and any individual or legal entity (hereinafter the &#8220;Customer&#8221;) placing an order for activity(ies) and\/or good(s) and\/or service(s) via the www.matierebrute.ch website (hereinafter &#8220;Matierebrute.ch&#8221; ).<\/p>\n<p><strong>1. CONTRACTUAL RELATIONSHIP<\/strong> <br \/>1. By placing an order via Matierebrute.ch, the Customer acknowledges having read, understood and accepted, without reservation, the GTC. In the event of disagreement with the GTC, the Customer shall refrain from placing an order via Matierebrute.ch. <br \/>2. Mati\u00e8re Brute reserves the right to modify the GTC at any time and without prior notice by publishing a new version of the GTC on Matierebrute.ch (which cancels and replaces the existing version). Any order placed after the publication by Mati\u00e8re Brute of a new version of the GTC shall constitute acceptance of this new version. <br \/>3. Via Matierebrute.ch, Mati\u00e8re Brute puts the Customer in contact with various service providers (hereinafter referred to as &#8220;Artisans&#8221; or &#8220;Artisan&#8221;) who offer activities and\/or workshops (hereinafter referred to as &#8220;Workshops&#8221; or &#8220;Workshop&#8221;) to the public. By placing an order for one or more Workshops via Matierebrute.ch, the Customer instructs Mati\u00e8re Brute to book the Workshop(s) in question with the relevant Artisan(s) in his\/her own name and for his\/her own account, it being understood that Mati\u00e8re Brute is not responsible for the realization of the Workshop(s) in question and that Mati\u00e8re Brute is exclusively commissioned by the relevant Artisan(s) to conclude contracts in accordance with the above. The Customer&#8217;s attention is expressly drawn to the fact that Mati\u00e8re Brute does not intervene in the contractual relationship between the Artisan and the Customer. All liability of Mati\u00e8re Brute in this respect is excluded (Article 9 below for the remainder). <br \/>4. If the Customer orders a Workshop or Workshops via Matierebrute.ch on behalf of a third party or parties, the Customer shall assume their contractual obligations to Mati\u00e8re Brute and the Artisan as if they were their own. The contractual obligations between the Customer and Mati\u00e8re Brute (in particular these GTC) shall apply to all participants in the activity which is the subject of the Customer&#8217;s order.<\/p>\n<p><strong>2. CUSTOMER ORDER AND CONFIRMATION BY MATIERE BRUTE<\/strong> <br \/>1. Orders may only be placed via Matierebrute.ch by persons who have reached the age of majority, are capable of judgement and are not under guardianship. The minimum age for participation in the Workshop(s) is 16. Minors must be accompanied or authorized by their legal representative to take part. <br \/>2. To place an order, the Customer must follow the procedure available on Matierebrute.ch. All other ordering procedures are excluded. <br \/>3. The overview of activities, goods and\/or services on Matierebrute.ch only serves as an invitation to the Customer to submit an offer. On Matierebrute.ch, the Customer chooses from among the activities, goods and services available. The choice made is displayed in the shopping cart on Matierebrute.ch. By placing an order, the Customer binds himself and formulates a firm and definitive offer to subscribe to the activity concerned and\/or to purchase the goods and\/or services selected, under the conditions indicated on Matierebrute.ch. The Customer&#8217;s offer is deemed to have been notified to Mati\u00e8re Brute as soon as payment has been approved. The contract is deemed concluded when Mati\u00e8re Brute sends an order confirmation to the Customer by e-mail to the address indicated by the Customer. Mati\u00e8re Brute reserves the right to refuse a Customer&#8217;s offer at its own discretion, without being obliged to give reasons. <br \/>4. The Customer&#8217;s order number is indicated in the order confirmation. The Customer must be able to present this order number to any Artisan with whom the activity in question is to be carried out if the latter so requires. If the Customer is not in possession of the order number, he\/she cannot assert a right of access to the activity concerned and\/or reimbursement of the price paid for said activity. <br \/>5. The Customer is obliged to check the information contained in the order confirmation e-mail immediately upon receipt and to notify Mati\u00e8re Brute of any errors or inconsistencies within three days. Otherwise, the Customer will be deemed to have accepted and confirmed the data indicated in the order confirmation. <br \/>6. During the ordering process, the Customer undertakes to provide Mati\u00e8re Brute with the necessary information in a complete and correct manner. The customer must provide a valid e-mail address to which all communications relating to the order will be sent. It is the Customer&#8217;s responsibility to keep this address up to date and to take note of e-mails sent by Mati\u00e8re Brute. Any communication made to the Customer by e-mail will be deemed to have been received by the Customer on the effective date and time of receipt.<\/p>\n<p><strong>3. PRICES AND METHODS OF PAYMENT<\/strong> <br \/>1. Mati\u00e8re Brute reserves the right to change prices at any time. The prices in force are those indicated at the time of the order and are only valid in Switzerland. Prices are in Swiss francs and include all taxes. Payments must be made in Swiss francs. <br \/>2. The methods of payment accepted by Mati\u00e8re Brute are exclusively those indicated on Matierebrute.ch. <br \/>3. Unless otherwise specified by Matierebrute.ch, the terms of payment by the Customer are 10 days from receipt of the corresponding invoice by the Customer. <br \/>4. For certain activities offered on Matierebrute.ch, the prices quoted may be conditional on the activity concerned being carried out within a specified period of time, and any price increase once this period has elapsed is expressly reserved (in which case the activity concerned may not be carried out until the balance due has been paid in full).<\/p>\n<p><strong>4. INFORMATION ON MATIEREBRUTE.CH<\/strong> <br \/>1. Although Mati\u00e8re Brute endeavours to inform the Customer as fully and accurately as possible, the photos, texts and videos presented on Matierebrute.ch, in advertisements, prospectuses, etc., as well as all information concerning the services offered and the state of stocks, are for illustrative purposes only and are not contractually binding.<\/p>\n<p><strong>5. CANCELLATION, REFUND, EXCHANGE<\/strong> <br \/>1. Registration for a Workshop is compulsory. Sessions missed by the Customer, or any other participant (when the Customer orders a Workshop or Workshops via Matierebrute.ch for a third party\/parties), cannot be made up and will not be reimbursed. <br \/>2. In the event that the Customer, or any other participant (when the Customer orders a Workshop or Workshops via Matierebrute.ch for a third party), is more than 30 minutes late for the Workshop, Mati\u00e8re Brute reserves the right to cancel participation in the Workshop for reasons of organization and quality of the Workshop given. No refund will be possible. <br \/>3. In order to ensure that the Workshops run smoothly, Mati\u00e8re Brute sets a minimum and maximum number of participants for each Workshop. Places are allocated on a first-come, first-served basis (subject to timely payment). If the number of participants is insufficient, Mati\u00e8re Brute reserves the right to cancel the Workshop concerned and refund the amount paid by the Customer, subject to the Customer being given the opportunity to choose another available date to take part in the Workshop. If the Workshop is cancelled due to insufficient participants, Mati\u00e8re Brute will notify the Customer at least 3 days before the scheduled date of the Workshop. <br \/>4. A request to change the date of the Workshop ordered may be made by the Customer, or by any other participant (when the Customer orders a Workshop or Workshops via Matierebrute.ch for a third party\/parties), by e-mail to info@matierebrute.ch up to 10 days before the scheduled date of the Workshop concerned. In such a case, Mati\u00e8re Brute will endeavour to replace the vacancy and propose a new participation date to the Customer or participant(s) concerned. Mati\u00e8re Brute does not, however, guarantee that a change of date for the Workshop ordered may occur, in which case the date initially agreed will remain applicable and no refund will be granted. <br \/>5. If unforeseen or unavoidable events (such as natural disasters, epidemics, etc.) hinder the planned running of a Workshop, Mati\u00e8re Brute is entitled, depending on the circumstances, to modify certain services or to cancel the Workshop altogether. In such cases, the customer is entitled to a refund of payments made for services not replaced or performed. Any further claims on the part of Mati\u00e8re Brute (in particular any compensation for non-performance of the Workshop) are excluded.<\/p>\n<p><strong>6. GIFT CARDS<\/strong> <br \/>1. Customers can purchase gift cards via Matierebrute.ch. These are transferable and can therefore be offered to third parties. <br \/>2. The value of a gift card may under no circumstances be paid out in cash and is not interest-bearing. <br \/>3. Depending on the Customer&#8217;s choice at the time of ordering, gift cards are dispatched in the form of a printed gift card, sent to the postal address indicated by the Customer, or by e-mail to the Customer with the gift card as an attached PDF file. <br \/>4. The Customer is obliged to check the gift cards on receipt and to notify Mati\u00e8re Brute within three days of any errors or inconsistencies in this respect. Failing this, the Customer will be deemed to have accepted and confirmed the data indicated on the gift cards. <br \/>5. The customer is responsible for keeping the gift cards safe until they are used. Mati\u00e8re Brute cannot be held responsible for any loss or damage to a gift card. <br \/>6. Any person who receives a gift card from the Customer is required to attend the Workshop with the gift card. If he\/she is not in possession of the gift card at the start of the Workshop, said person will not be able to assert a right of access to the Workshop or to reimbursement of the price of the Workshop concerned. <br \/>7. Mati\u00e8re Brute delivers only in Switzerland. The delivery time for gift cards is 5 working days after confirmation of the order to the Customer. However, this timeframe is purely indicative and non-contractual. No deliveries are made on Sundays or official public holidays in the canton of Vaud.<\/p>\n<p><strong>7. INTELLECTUAL PROPERTY<\/strong> <br \/>1. Matierebrute.ch and all content accessible through it (hereinafter the &#8220;Content&#8221;) are protected by copyright and, unless otherwise stated, are the exclusive and complete property of Marie-Laure Gally. The reproduction (in whole or in part), distribution, transmission (electronically or by other means), modification, linking or use of the Content for public or commercial purposes is prohibited without the prior written consent of Marie-Laure Gally.<\/p>\n<p><strong>8. DATA PROTECTION<\/strong> <br \/>1. Any personal data made available to Mati\u00e8re Brute by the Customer will be treated in accordance with the applicable legal provisions on data protection. The Customer authorizes Mati\u00e8re Brute to transmit, share and disclose to any third party the personal data transmitted to Mati\u00e8re Brute by the Customer to the extent necessary for the proper performance of the contract.<\/p>\n<p><strong>9. EXCLUSION OF LIABILITY<\/strong> <br \/>1. Mati\u00e8re Brute&#8217;s (or Marie-Laure Gally&#8217;s) liability for any damage of any nature whatsoever suffered by the Customer, or by any other participant in a Workshop (when the Customer orders a Workshop or Workshops via Matierebrute.ch for a third party\/parties), in connection with any activity(ies), good(s), service(s) and\/or any other service(s) of any nature whatsoever ordered via Matierebrute.ch shall only be liable in the event of wilful misconduct or gross negligence directly attributable to Mati\u00e8re Brute (or Marie-Laure Gally), it being understood that Mati\u00e8re Brute (or Marie-Laure Gally) is not responsible for the Workshop(s) concerned. All other liability (including that arising from the acts of vicarious agents or third parties) is excluded, unless otherwise provided by mandatory law. <br \/>2. In the event that Mati\u00e8re Brute (i.e. Marie-Laure Gally) is obliged by mandatory legal provisions to compensate the Customer or any other third party for damage caused by another service provider(s), the Customer&#8217;s claims for damages against the service provider(s) concerned are assigned to Mati\u00e8re Brute (i.e. Marie-Laure Gally). The Customer undertakes to take all necessary steps to obtain such a transfer of rights.<\/p>\n<p><strong>10. APPLICABLE LAW AND PLACE OF JURISDICTION<\/strong> <br \/>1. Swiss law shall apply exclusively to any claims or demands in contract, tort or otherwise arising out of any contract subject to these GTC, to the exclusion of conflict of law rules. <br \/>2. Any dispute arising out of or in connection with any contract subject to these GTC, which cannot be settled amicably, shall be subject to the exclusive jurisdiction of the ordinary courts of Lausanne (Switzerland), subject to mandatory legal provisions requiring compliance with another forum. Any appeal to the Federal Court is expressly reserved.<\/p>\n<p>Version I, Lausanne, June 2020<\/p><\/p>\n\t\t\t\t\t\t\t\t<\/div>\n\t\t\t\t<\/div>\n\t\t\t\t\t<\/div>\n\t\t<\/div>\n\t\t\t\t\t<\/div>\n\t\t<\/section>\n\t\t\t\t<section class=\"elementor-section elementor-top-section elementor-element elementor-element-8d4fe15 elementor-section-boxed elementor-section-height-default elementor-section-height-default\" data-id=\"8d4fe15\" data-element_type=\"section\">\n\t\t\t\t\t\t<div class=\"elementor-container elementor-column-gap-default\">\n\t\t\t\t\t<div class=\"elementor-column elementor-col-100 elementor-top-column elementor-element elementor-element-9fe2e0a\" data-id=\"9fe2e0a\" data-element_type=\"column\">\n\t\t\t<div class=\"elementor-widget-wrap elementor-element-populated\">\n\t\t\t\t\t\t\t<\/div>\n\t\t<\/div>\n\t\t\t\t\t<\/div>\n\t\t<\/section>\n\t\t\t\t<\/div>\n\t\t","protected":false},"excerpt":{"rendered":"<p>MATIERE BRUTE &#8211; GENERAL TERMS AND CONDITIONS Scope of application The present general terms and conditions (hereinafter the &#8220;GTC&#8221;), in the version in force at the time of the order, govern the contractual relationship between Marie-Laure Gally &#8211;&#8220;Mati\u00e8re Brute&#8221; (hereinafter &hellip; <a href=\"https:\/\/matierebrute.ch\/en\/gtc\/\">Read More<\/a><\/p>\n","protected":false},"author":1,"featured_media":0,"parent":0,"menu_order":0,"comment_status":"closed","ping_status":"closed","template":"","meta":{"footnotes":""},"class_list":["post-44721","page","type-page","status-publish","hentry"],"yoast_head":"<!-- This site is optimized with the Yoast SEO plugin v27.1.1 - https:\/\/yoast.com\/product\/yoast-seo-wordpress\/ -->\n<title>GTC - Mati\u00e8re Brute<\/title>\n<meta name=\"robots\" content=\"noindex, follow\" \/>\n<meta property=\"og:locale\" content=\"en_US\" \/>\n<meta property=\"og:type\" content=\"article\" \/>\n<meta property=\"og:title\" content=\"GTC - Mati\u00e8re Brute\" \/>\n<meta property=\"og:description\" content=\"MATIERE BRUTE &#8211; GENERAL TERMS AND CONDITIONS Scope of application The present general terms and conditions (hereinafter the &#8220;GTC&#8221;), in the version in force at the time of the order, govern the contractual relationship between Marie-Laure Gally &#8211;&#8220;Mati\u00e8re Brute&#8221; (hereinafter &hellip; Read More\" \/>\n<meta property=\"og:url\" content=\"https:\/\/matierebrute.ch\/en\/gtc\/\" \/>\n<meta property=\"og:site_name\" content=\"Mati\u00e8re Brute\" \/>\n<meta property=\"article:modified_time\" content=\"2023-10-06T11:37:53+00:00\" \/>\n<meta name=\"twitter:card\" content=\"summary_large_image\" \/>\n<meta name=\"twitter:label1\" content=\"Est. reading time\" \/>\n\t<meta name=\"twitter:data1\" content=\"11 minutes\" \/>\n<script type=\"application\/ld+json\" class=\"yoast-schema-graph\">{\"@context\":\"https:\/\/schema.org\",\"@graph\":[{\"@type\":\"WebPage\",\"@id\":\"https:\/\/matierebrute.ch\/en\/gtc\/\",\"url\":\"https:\/\/matierebrute.ch\/en\/gtc\/\",\"name\":\"GTC - Mati\u00e8re Brute\",\"isPartOf\":{\"@id\":\"https:\/\/matierebrute.ch\/en\/#website\"},\"datePublished\":\"2023-01-01T11:29:39+00:00\",\"dateModified\":\"2023-10-06T11:37:53+00:00\",\"breadcrumb\":{\"@id\":\"https:\/\/matierebrute.ch\/en\/gtc\/#breadcrumb\"},\"inLanguage\":\"en-US\",\"potentialAction\":[{\"@type\":\"ReadAction\",\"target\":[\"https:\/\/matierebrute.ch\/en\/gtc\/\"]}]},{\"@type\":\"BreadcrumbList\",\"@id\":\"https:\/\/matierebrute.ch\/en\/gtc\/#breadcrumb\",\"itemListElement\":[{\"@type\":\"ListItem\",\"position\":1,\"name\":\"Accueil\",\"item\":\"https:\/\/matierebrute.ch\/en\/\"},{\"@type\":\"ListItem\",\"position\":2,\"name\":\"GTC\"}]},{\"@type\":\"WebSite\",\"@id\":\"https:\/\/matierebrute.ch\/en\/#website\",\"url\":\"https:\/\/matierebrute.ch\/en\/\",\"name\":\"Mati\u00e8re Brute\",\"description\":\"Des ateliers chez des artisan\u2219e\u2219s en Suisse romande \u00e0 d\u00e9couvrir\",\"potentialAction\":[{\"@type\":\"SearchAction\",\"target\":{\"@type\":\"EntryPoint\",\"urlTemplate\":\"https:\/\/matierebrute.ch\/en\/?s={search_term_string}\"},\"query-input\":{\"@type\":\"PropertyValueSpecification\",\"valueRequired\":true,\"valueName\":\"search_term_string\"}}],\"inLanguage\":\"en-US\"}]}<\/script>\n<!-- \/ Yoast SEO plugin. -->","yoast_head_json":{"title":"GTC - Mati\u00e8re Brute","robots":{"index":"noindex","follow":"follow"},"og_locale":"en_US","og_type":"article","og_title":"GTC - Mati\u00e8re Brute","og_description":"MATIERE BRUTE &#8211; GENERAL TERMS AND CONDITIONS Scope of application The present general terms and conditions (hereinafter the &#8220;GTC&#8221;), in the version in force at the time of the order, govern the contractual relationship between Marie-Laure Gally &#8211;&#8220;Mati\u00e8re Brute&#8221; (hereinafter &hellip; Read More","og_url":"https:\/\/matierebrute.ch\/en\/gtc\/","og_site_name":"Mati\u00e8re Brute","article_modified_time":"2023-10-06T11:37:53+00:00","twitter_card":"summary_large_image","twitter_misc":{"Est. reading time":"11 minutes"},"schema":{"@context":"https:\/\/schema.org","@graph":[{"@type":"WebPage","@id":"https:\/\/matierebrute.ch\/en\/gtc\/","url":"https:\/\/matierebrute.ch\/en\/gtc\/","name":"GTC - Mati\u00e8re Brute","isPartOf":{"@id":"https:\/\/matierebrute.ch\/en\/#website"},"datePublished":"2023-01-01T11:29:39+00:00","dateModified":"2023-10-06T11:37:53+00:00","breadcrumb":{"@id":"https:\/\/matierebrute.ch\/en\/gtc\/#breadcrumb"},"inLanguage":"en-US","potentialAction":[{"@type":"ReadAction","target":["https:\/\/matierebrute.ch\/en\/gtc\/"]}]},{"@type":"BreadcrumbList","@id":"https:\/\/matierebrute.ch\/en\/gtc\/#breadcrumb","itemListElement":[{"@type":"ListItem","position":1,"name":"Accueil","item":"https:\/\/matierebrute.ch\/en\/"},{"@type":"ListItem","position":2,"name":"GTC"}]},{"@type":"WebSite","@id":"https:\/\/matierebrute.ch\/en\/#website","url":"https:\/\/matierebrute.ch\/en\/","name":"Mati\u00e8re Brute","description":"Des ateliers chez des artisan\u2219e\u2219s en Suisse romande \u00e0 d\u00e9couvrir","potentialAction":[{"@type":"SearchAction","target":{"@type":"EntryPoint","urlTemplate":"https:\/\/matierebrute.ch\/en\/?s={search_term_string}"},"query-input":{"@type":"PropertyValueSpecification","valueRequired":true,"valueName":"search_term_string"}}],"inLanguage":"en-US"}]}},"_links":{"self":[{"href":"https:\/\/matierebrute.ch\/en\/wp-json\/wp\/v2\/pages\/44721","targetHints":{"allow":["GET"]}}],"collection":[{"href":"https:\/\/matierebrute.ch\/en\/wp-json\/wp\/v2\/pages"}],"about":[{"href":"https:\/\/matierebrute.ch\/en\/wp-json\/wp\/v2\/types\/page"}],"author":[{"embeddable":true,"href":"https:\/\/matierebrute.ch\/en\/wp-json\/wp\/v2\/users\/1"}],"replies":[{"embeddable":true,"href":"https:\/\/matierebrute.ch\/en\/wp-json\/wp\/v2\/comments?post=44721"}],"version-history":[{"count":0,"href":"https:\/\/matierebrute.ch\/en\/wp-json\/wp\/v2\/pages\/44721\/revisions"}],"wp:attachment":[{"href":"https:\/\/matierebrute.ch\/en\/wp-json\/wp\/v2\/media?parent=44721"}],"curies":[{"name":"wp","href":"https:\/\/api.w.org\/{rel}","templated":true}]}}