{"id":44723,"date":"2023-01-01T12:29:39","date_gmt":"2023-01-01T11:29:39","guid":{"rendered":"https:\/\/matierebrute.ch\/agb\/"},"modified":"2023-10-09T08:37:52","modified_gmt":"2023-10-09T06:37:52","slug":"agb","status":"publish","type":"page","link":"https:\/\/matierebrute.ch\/de\/agb\/","title":{"rendered":"AGB"},"content":{"rendered":"\t\t<div data-elementor-type=\"wp-page\" data-elementor-id=\"44723\" class=\"elementor elementor-44723 elementor-29731\" data-elementor-post-type=\"page\">\n\t\t\t\t\t\t<section class=\"elementor-section elementor-top-section elementor-element elementor-element-d64e12a elementor-section-boxed elementor-section-height-default elementor-section-height-default\" data-id=\"d64e12a\" data-element_type=\"section\">\n\t\t\t\t\t\t<div class=\"elementor-container elementor-column-gap-default\">\n\t\t\t\t\t<div class=\"elementor-column elementor-col-100 elementor-top-column elementor-element elementor-element-666ffa2\" data-id=\"666ffa2\" data-element_type=\"column\">\n\t\t\t<div class=\"elementor-widget-wrap elementor-element-populated\">\n\t\t\t\t\t\t<div class=\"elementor-element elementor-element-426623e elementor-widget elementor-widget-text-editor\" data-id=\"426623e\" data-element_type=\"widget\" data-widget_type=\"text-editor.default\">\n\t\t\t\t<div class=\"elementor-widget-container\">\n\t\t\t\t\t\t\t\t\t<\/p>\n<hr>\n<p style=\"text-align: center;\"><b>MATIERE BRUTE &#8211; ALLGEMEINE GESCH\u00c4FTSBEDINGUNGEN <\/b><\/p>\n<p><strong>Anwendungsbereich <\/strong><br \/>Die vorliegenden Allgemeinen Gesch\u00e4ftsbedingungen (im Folgenden &#8222;AGB&#8220;) regeln in ihrer zum Zeitpunkt der Bestellung g\u00fcltigen Fassung das Vertragsverh\u00e4ltnis zwischen Marie-Laure Gally &#8211;<br \/>&#8222;Matiere Brute&#8220; (im Folgenden &#8222;Matiere Brute&#8220;) und jede nat\u00fcrliche oder juristische Person (im Folgenden &#8222;Kunde&#8220;), die \u00fcber die Website www.matierebrute.ch (im Folgenden &#8222;Matierebrute.ch&#8220;) einen Auftrag f\u00fcr eine\/mehrere Aktivit\u00e4t(en) und\/oder eine\/mehrere Ware(n) und\/oder eine\/mehrere Dienstleistung(en) erteilt.<\/p>\n<p><strong>1. VERTRAGSVERH\u00c4LTNIS<\/strong> <br \/>1. Mit der Aufgabe einer Bestellung \u00fcber Matierebrute.ch best\u00e4tigt der Kunde, dass er die AGB gelesen, verstanden und vorbehaltlos akzeptiert hat. Wenn der Kunde mit den AGB nicht einverstanden ist, sieht er davon ab, eine Bestellung \u00fcber Matierebrute.ch aufzugeben. <br \/>2. Mati\u00e8re Brute beh\u00e4lt sich das Recht vor, die AGB jederzeit und ohne Vorank\u00fcndigung zu \u00e4ndern, indem eine neue Version der AGB auf Matierebrute.ch ver\u00f6ffentlicht wird (welche die bestehende Version annulliert und ersetzt). Jede Bestellung, die nach der Ver\u00f6ffentlichung einer neuen Version der AGB durch Mati\u00e8re Brute aufgegeben wird, gilt als Annahme dieser neuen Version. <br \/>3. \u00dcber Matierebrute.ch bringt Mati\u00e8re Brute insbesondere den Kunden mit verschiedenen Anbietern (im Folgenden &#8222;Handwerker&#8220; oder &#8222;Produzent&#8220;) in Verbindung, die der \u00d6ffentlichkeit Aktivit\u00e4ten und\/oder Workshops (im Folgenden &#8222;Workshops&#8220; oder &#8222;Kurse&#8220;) anbieten. Mit der Bestellung eines oder mehrerer Workshops \u00fcber Matierebrute.ch beauftragt der Kunde Mati\u00e8re Brute, in seinem Namen und auf eigene Rechnung das oder die betreffenden Workshops bei dem oder den betreffenden Handwerkern zu reservieren, wobei Mati\u00e8re Brute nicht mit der Durchf\u00fchrung des betreffenden Workshops beauftragt ist und Mati\u00e8re Brute ausschlie\u00dflich vom betreffenden Handwerker mit dem Abschluss von Vertr\u00e4gen gem\u00e4\u00df dem Vorstehenden beauftragt wird. Der Kunde wird ausdr\u00fccklich darauf hingewiesen, dass Mati\u00e8re Brute nicht in die Vertragsbeziehung zwischen dem Handwerker und dem Kunden eingreift. Jegliche Haftung von Mati\u00e8re Brute in dieser Hinsicht ist ausgeschlossen (Artikel 9 unten f\u00fcr den Rest). <br \/>4. Wenn der Kunde ein Workshop oder mehrere Workshops \u00fcber Matierebrute.ch f\u00fcr eine\/n Dritte\/n bestellt, ist er in diesem Fall verpflichtet, deren vertragliche Verpflichtungen gegen\u00fcber Mati\u00e8re Brute und dem Handwerker wie seine eigenen zu \u00fcbernehmen. Die vertraglichen Verpflichtungen, die den Kunden an Mati\u00e8re Brute binden (insbesondere die vorliegenden AGB), gelten f\u00fcr alle Teilnehmer an der Aktivit\u00e4t, die Gegenstand der Bestellung des Kunden ist.<\/p>\n<p><strong>2. BESTELLUNGSAUFNAHME DURCH DEN KUNDEN UND BEST\u00c4TIGUNG DURCH MATIERE BRUTE<\/strong> <br \/>1. Nur vollj\u00e4hrige Personen, die urteilsf\u00e4hig sind und nicht unter Beistandschaft stehen, k\u00f6nnen \u00fcber Matierebrute.ch eine Bestellung aufgeben. Das Mindestalter f\u00fcr die Teilnahme an dem\/den Workshop(s) betr\u00e4gt 16 Jahre. Minderj\u00e4hrige m\u00fcssen von ihrem gesetzlichen Vertreter begleitet werden bzw. von diesem die Erlaubnis erhalten, an der Veranstaltung teilzunehmen. <br \/>2. Um eine Bestellung aufzugeben, muss der Kunde das auf Matierebrute.ch verf\u00fcgbare Verfahren befolgen. Andere Bestellverfahren sind ausgeschlossen. <br \/>3. Die \u00dcbersicht \u00fcber die Aktivit\u00e4ten, Waren und\/oder Dienstleistungen auf Matierebrute.ch gilt nur als Einladung zur Angebotsabgabe durch den Kunden. Der Kunde trifft auf Matierebrute.ch seine Wahl unter den verf\u00fcgbaren Aktivit\u00e4ten, G\u00fctern und Dienstleistungen. Die getroffene Wahl wird im Warenkorb auf Matierebrute.ch angezeigt. Mit der Aufgabe einer Bestellung bindet sich der Kunde und gibt ein verbindliches und endg\u00fcltiges Angebot ab, sich f\u00fcr die betreffende Aktivit\u00e4t anzumelden und\/oder die ausgew\u00e4hlten Waren und\/oder Dienstleistungen zu kaufen, und zwar zu den auf Matierebrute.ch angegebenen Bedingungen. Das Angebot des Kunden gilt als an Mati\u00e8re Brute zugestellt, sobald seine Zahlung genehmigt wurde. Der Vertrag gilt erst dann als abgeschlossen, wenn Mati\u00e8re Brute dem Kunden eine Auftragsbest\u00e4tigung per E-Mail an die vom Kunden angegebene Adresse schickt. Mati\u00e8re Brute beh\u00e4lt sich das Recht vor, ein Angebot eines Kunden nach eigenem Ermessen abzulehnen, ohne verpflichtet zu sein, Gr\u00fcnde daf\u00fcr anzugeben. <br \/>4. Die Bestellnummer des Kunden wird in der Best\u00e4tigung seiner Bestellung angegeben. Der Kunde muss in der Lage sein, diese Bestellnummer gegebenenfalls bei jedem Handwerker oder Produzent, bei dem die betreffende Aktivit\u00e4t stattfinden soll, vorzulegen, wenn dieser es verlangt. Wenn der Kunde nicht im Besitz der Bestellnummer ist, kann er keinen Anspruch auf Zugang zu der betreffenden Aktivit\u00e4t und\/oder auf R\u00fcckerstattung des f\u00fcr dite Aktivit\u00e4t gezahlten Preises geltend machen. <br \/>5. Der Kunde ist verpflichtet, die in der E-Mail mit der Auftragsbest\u00e4tigung eingetragenen Daten nach Erhalt der E-Mail zu \u00fcberpr\u00fcfen und Mati\u00e8re Brute innerhalb von drei Tagen \u00fcber alle diesbez\u00fcglichen Fehler oder Unstimmigkeiten zu informieren. Andernfalls wird davon ausgegangen, dass der Kunde die in der Auftragsbest\u00e4tigung angegebenen Daten akzeptiert und best\u00e4tigt hat. <br \/>6. W\u00e4hrend des Bestellvorgangs verpflichtet sich der Kunde, die notwendigen Informationen vollst\u00e4ndig und korrekt an Mati\u00e8re Brute zu \u00fcbermitteln. Er muss eine g\u00fcltige E-Mail-Adresse angeben, an die alle Mitteilungen bez\u00fcglich seiner Bestellung gesendet werden. Es obliegt dem Kunden, diese Adresse aktuell zu halten und die von Mati\u00e8re Brute versandten E-Mails zur Kenntnis zu nehmen. Jede Mitteilung an den Kunden per E-Mail gilt als von diesem am tats\u00e4chlichen Datum und zur tats\u00e4chlichen Uhrzeit des Empfangs empfangen.<\/p>\n<p><strong>3. PREISE UND ZAHLUNGSMETHODEN<\/strong> <br \/>1. Mati\u00e8re Brute beh\u00e4lt sich das Recht vor, seine Preise jederzeit zu \u00e4ndern. Es gelten die zum Zeitpunkt der Bestellung angegebenen Preise, die nur in der Schweiz g\u00fcltig sind. Sie sind in Schweizer Franken angegeben und beinhalten alle Steuern. Zahlungen m\u00fcssen in Schweizer Franken geleistet werden. <br \/>2. Die von Mati\u00e8re Brute akzeptierten Zahlungsarten sind ausschlie\u00dflich die auf Matierebrute.ch angegebenen. <br \/>3. Sofern von Matierebrute.ch nicht anders angegeben, betr\u00e4gt die Zahlungsfrist f\u00fcr den Kunden 10 Tage ab Erhalt der entsprechenden Rechnung durch den Kunden. <br \/>4. Bei einigen auf Matierebrute.ch angebotenen Aktivit\u00e4ten k\u00f6nnen die angebotenen Preise davon abh\u00e4ngig gemacht werden, dass die betreffende Aktivit\u00e4t innerhalb einer bestimmten Frist durchgef\u00fchrt wird, wobei Preiserh\u00f6hungen nach Ablauf dieser Frist ausdr\u00fccklich vorbehalten sind (in diesem Fall kann die betreffende Aktivit\u00e4t nicht vor der vollst\u00e4ndigen Zahlung des geschuldeten Restbetrags ausge\u00fcbt werden).<\/p>\n<p><strong>4. INFORMATIONEN AUF MATIEREBRUTE.CH<\/strong> <br \/>1. Obwohl sich Mati\u00e8re Brute bem\u00fcht, den Kunden so vollst\u00e4ndig und wahrheitsgetreu wie m\u00f6glich zu informieren, dienen die auf Matierebrute.ch, in der Werbung, in Prospekten usw. dargestellten Fotos, Texte und Videos sowie s\u00e4mtliche Informationen \u00fcber die angebotenen Leistungen und den Lagerbestand lediglich der Illustration und sind nicht verbindlich.<\/p>\n<p><strong>5. STORNIERUNG, R\u00dcCKERSTATTUNG, UMTAUSCH<\/strong> <br \/>1. Die Anmeldung zu einem Workshop ist verbindlich. Vom Kunden oder anderen Teilnehmern (wenn der Kunde einen Workshop oder Workshops \u00fcber Matierebrute.ch f\u00fcr eine\/n Dritte\/n bestellt) verpasste Sitzungen k\u00f6nnen nicht nachgeholt werden und sind nicht Gegenstand einer R\u00fcckerstattung. <br \/>2. Im Falle einer Versp\u00e4tung des Kunden oder eines anderen Teilnehmers (wenn der Kunde einen Workshop oder Workshops \u00fcber Matierebrute.ch f\u00fcr eine\/n Dritte\/n bestellt) zum Workshop von mehr als 30 Minuten, beh\u00e4lt sich Mati\u00e8re Brute das Recht vor, die Teilnahme am Workshop aus Gr\u00fcnden der Organisation und der Qualit\u00e4t des vermittelten Workshops zu annullieren. Eine R\u00fcckerstattung kommt nicht in Betracht. <br \/>3. Um einen reibungslosen Ablauf der Workshops zu gew\u00e4hrleisten, legt Mati\u00e8re Brute f\u00fcr jeden Workshop eine Mindest- und eine H\u00f6chstzahl von Teilnehmern fest. Die Pl\u00e4tze werden in der Reihenfolge des Eingangs der Anmeldungen auf Matierebrute.ch vergeben (vorbehaltlich der fristgerechten Bezahlung im \u00dcbrigen). Wenn die Anzahl der Teilnehmer nicht ausreicht, beh\u00e4lt sich Mati\u00e8re Brute das Recht vor, den betreffenden Workshop zu stornieren und den vom Kunden bezahlten Betrag zur\u00fcckzuerstatten, vorbehaltlich der M\u00f6glichkeit des Kunden, einen anderen verf\u00fcgbaren Termin f\u00fcr die Teilnahme am Workshop zu w\u00e4hlen. Falls der Workshop mangels ausreichender Teilnehmerzahl abgesagt werden muss, wird Mati\u00e8re Brute den Kunden mindestens 3 Tage vor dem geplanten Termin des Workshops benachrichtigen. <br \/>4. Ein Antrag auf \u00c4nderung des Datums des bestellten Workshops kann vom Kunden oder von jedem anderen Teilnehmer (wenn der Kunde einen Workshop oder Workshops \u00fcber Matierebrute.ch f\u00fcr eine\/n Dritte\/n bestellt) per E-Mail an info@matierebrute.ch bis zu 10 Tage vor dem geplanten Datum des betreffenden Workshops gestellt werden. In einem solchen Fall wird sich Mati\u00e8re Brute bem\u00fchen, den freigewordenen Platz zu ersetzen und dem Kunden oder dem\/den betreffenden Teilnehmer(n) einen neuen Termin f\u00fcr die Teilnahme vorzuschlagen. Mati\u00e8re Brute garantiert jedoch nicht, dass es zu einer \u00c4nderung des Datums des bestellten Workshops kommen kann; in diesem Fall gilt weiterhin das urspr\u00fcnglich vereinbarte Datum und es wird keine R\u00fcckerstattung gew\u00e4hrt. <br \/>5. Wenn unvorhergesehene oder unvermeidbare Ereignisse (wie Naturkatastrophen, Epidemien usw.) den geplanten Ablauf eines Workshops beeintr\u00e4chtigen, ist Mati\u00e8re Brute je nach den Umst\u00e4nden berechtigt, bestimmte Leistungen zu \u00e4ndern oder den Workshop ersatzlos zu k\u00fcndigen. In einem solchen Fall hat die Kundin oder der Kunde Anspruch auf die R\u00fcckerstattung der geleisteten Zahlungen in H\u00f6he der nicht ersetzten bzw. nicht ausgef\u00fchrten Leistungen. Alle weiteren Anspr\u00fcche seitens Mati\u00e8re Brute (insbesondere Schadenersatz wegen Nichterf\u00fcllung des Workshops) sind ausgeschlossen.<\/p>\n<p><strong>6. GESCHENKKARTEN<\/strong> <br \/>1. Der Kunde kann \u00fcber Matierebrute.ch Geschenkkarten erwerben. Diese sind \u00fcbertragbar und k\u00f6nnen daher an Dritte verschenkt werden. <br \/>2. Der Wert einer Geschenkkarte kann unter keinen Umst\u00e4nden in bar ausgezahlt werden und wird nicht verzinst. <br \/>3. Der Versand der Geschenkkarten erfolgt je nach Wahl des Kunden bei der Bestellung in Form einer gedruckten Geschenkkarte, die an die vom Kunden angegebene Postanschrift gesendet wird, oder per E-Mail an den Kunden mit der Geschenkkarte als PDF-Datei im Anhang. <br \/>4. Der Kunde ist verpflichtet, die Geschenkkarten nach Erhalt zu pr\u00fcfen und Mati\u00e8re Brute innerhalb von drei Tagen \u00fcber alle diesbez\u00fcglichen Fehler oder Unstimmigkeiten zu informieren. Andernfalls wird davon ausgegangen, dass der Kunde die auf den Geschenkkarten angegebenen Daten akzeptiert und best\u00e4tigt hat. <br \/>5. Der Kunde ist daf\u00fcr verantwortlich, die Geschenkkarten bis zu ihrer Verwendung sicher aufzubewahren. Mati\u00e8re Brute haftet nicht f\u00fcr den Verlust oder die Besch\u00e4digung einer Geschenkkarte. <br \/>6. Jede Person, die vom Kunden eine Geschenkkarte geschenkt bekommt, ist verpflichtet, den geschenkten Workshop mit der Geschenkkarte zu besuchen. Wenn die Person zu Beginn des Workshops nicht im Besitz der Geschenkkarte ist, kann sie keinen Anspruch auf Zugang zum Workshop oder auf R\u00fcckerstattung des Preises f\u00fcr den betreffenden Workshop geltend machen. <br \/>7. Mati\u00e8re Brute liefert nur in die Schweiz. Die Lieferzeit f\u00fcr Geschenkkarten betr\u00e4gt 5 Werktage nach Best\u00e4tigung der Bestellung durch den Kunden. Diese Frist ist jedoch rein indikativer Natur und nicht vertraglich bindend. An Sonntagen oder offiziellen Feiertagen im Kanton Waadt werden keine Lieferungen durchgef\u00fchrt.<\/p>\n<p><strong>7. GEISTIGES EIGENTUM<\/strong> <br \/>1. Matierebrute.ch sowie alle dort zug\u00e4nglichen Inhalte (nachfolgend &#8222;Inhalte&#8220;) sind urheberrechtlich gesch\u00fctzt und das ausschliessliche und umfassende Eigentum von Marie-Laure Gally, sofern keine anderslautenden Vereinbarungen getroffen wurden. Die (vollst\u00e4ndige oder teilweise) Vervielf\u00e4ltigung, Verbreitung, \u00dcbertragung (elektronisch oder mit anderen Mitteln), \u00c4nderung, Verlinkung oder Nutzung der Inhalte f\u00fcr \u00f6ffentliche oder kommerzielle Zwecke ist ohne vorherige schriftliche Genehmigung von Marie-Laure Gally untersagt.<\/p>\n<p><strong>8. DATENSCHUTZ<\/strong> <br \/>1. Die pers\u00f6nlichen Daten, die der Kunde Mati\u00e8re Brute zur Verf\u00fcgung stellt, werden in \u00dcbereinstimmung mit den geltenden gesetzlichen Datenschutzbestimmungen verarbeitet. Der Kunde erm\u00e4chtigt Mati\u00e8re Brute, die pers\u00f6nlichen Daten, die ihm vom Kunden \u00fcbermittelt wurden, an Dritte weiterzugeben, zu teilen und zu ver\u00f6ffentlichen, soweit dies f\u00fcr die ordnungsgem\u00e4\u00dfe Erf\u00fcllung des Vertrags erforderlich ist.<\/p>\n<p><strong>9. HAFTUNGSAUSSCHLUSS<\/strong> <br \/>1. Die Haftung von Mati\u00e8re Brute (d.h. von Marie-Laure Gally) f\u00fcr Sch\u00e4den jeglicher Art, die dem Kunden oder einem anderen Teilnehmer eines Workshops (wenn der Kunde einen Workshop oder Workshops \u00fcber Matierebrute.ch f\u00fcr Dritte bestellt) im Zusammenhang mit jeglicher(n) \u00fcber Matierebrute.ch bestellten Aktivit\u00e4t(en), Ware(n), Dienstleistung(en) und\/oder sonstigen Leistung(en) jeglicher Art ist ausgeschlossen, ausser bei vors\u00e4tzlicher oder grob fahrl\u00e4ssiger Handlung, die Mati\u00e8re Brute (d.h. Marie-Laure Gally) direkt zuzurechnen ist, wobei klargestellt wird, dass Mati\u00e8re Brute (bzw. Marie-Laure Gally) nicht mit der Durchf\u00fchrung des\/der betreffenden Workshops beauftragt ist. Jede weitere Haftung (einschlie\u00dflich derjenigen, die sich aus dem Handeln von Hilfspersonen oder Dritten ableitet) ist ausgeschlossen, sofern nicht zwingende gesetzliche Bestimmungen etwas anderes vorsehen. Jede weitere Haftung (einschlie\u00dflich derjenigen, die sich aus dem Handeln von Hilfspersonen oder Dritten ergibt) ist ausgeschlossen, sofern nicht zwingende gesetzliche Bestimmungen etwas anderes vorsehen. <br \/>2. F\u00fcr den Fall, dass Mati\u00e8re Brute (d.h. Marie-Laure Gally) aufgrund zwingender gesetzlicher Bestimmungen verpflichtet ist, den Kunden oder einen anderen Dritten f\u00fcr den Schaden zu entsch\u00e4digen, der durch einen\/mehrere andere Dienstleister verursacht wurde, werden die Schadensersatzanspr\u00fcche des Kunden gegen\u00fcber dem\/den betreffenden Dienstleister(n) an Mati\u00e8re Brute (d.h. Marie-Laure Gally) abgetreten. Der Kunde verpflichtet sich, alle notwendigen Schritte zu unternehmen, um eine solche Abtretung der Rechte zu erreichen.<\/p>\n<p><strong>10. ANWENDBARES RECHT UND GERICHTSSTAND<\/strong> <br \/>1. Auf alle Anspr\u00fcche oder Forderungen aus Vertrag, unerlaubter Handlung oder sonstigem Rechtsgrund, die sich aus einem diesen AGB unterliegenden Vertrag ergeben, ist ausschlie\u00dflich Schweizer Recht unter Ausschluss der Kollisionsnormen anwendbar. <br \/>2. Alle Streitigkeiten, die sich aus oder im Zusammenhang mit einem Vertrag ergeben, der diesen AGB unterliegt, und die nicht g\u00fctlich beigelegt werden k\u00f6nnen, unterliegen der ausschlie\u00dflichen Zust\u00e4ndigkeit der ordentlichen Gerichte in Lausanne (Schweiz), vorbehaltlich zwingender gesetzlicher Bestimmungen, die einen anderen Gerichtsstand vorschreiben. Eine Beschwerde an das Bundesgericht ist ausdr\u00fccklich vorbehalten.<\/p>\n<p>Version I, Lausanne, Juni 2020<\/p><\/p>\n\t\t\t\t\t\t\t\t<\/div>\n\t\t\t\t<\/div>\n\t\t\t\t\t<\/div>\n\t\t<\/div>\n\t\t\t\t\t<\/div>\n\t\t<\/section>\n\t\t\t\t<section class=\"elementor-section elementor-top-section elementor-element elementor-element-8d4fe15 elementor-section-boxed elementor-section-height-default elementor-section-height-default\" data-id=\"8d4fe15\" data-element_type=\"section\">\n\t\t\t\t\t\t<div class=\"elementor-container elementor-column-gap-default\">\n\t\t\t\t\t<div class=\"elementor-column elementor-col-100 elementor-top-column elementor-element elementor-element-9fe2e0a\" data-id=\"9fe2e0a\" data-element_type=\"column\">\n\t\t\t<div class=\"elementor-widget-wrap elementor-element-populated\">\n\t\t\t\t\t\t\t<\/div>\n\t\t<\/div>\n\t\t\t\t\t<\/div>\n\t\t<\/section>\n\t\t\t\t<\/div>\n\t\t","protected":false},"excerpt":{"rendered":"<p>MATIERE BRUTE &#8211; ALLGEMEINE GESCH\u00c4FTSBEDINGUNGEN Anwendungsbereich Die vorliegenden Allgemeinen Gesch\u00e4ftsbedingungen (im Folgenden &#8222;AGB&#8220;) regeln in ihrer zum Zeitpunkt der Bestellung g\u00fcltigen Fassung das Vertragsverh\u00e4ltnis zwischen Marie-Laure Gally &#8211;&#8222;Matiere Brute&#8220; (im Folgenden &#8222;Matiere Brute&#8220;) und jede nat\u00fcrliche oder juristische Person (im &hellip; <a href=\"https:\/\/matierebrute.ch\/de\/agb\/\">Read More<\/a><\/p>\n","protected":false},"author":1,"featured_media":0,"parent":0,"menu_order":0,"comment_status":"closed","ping_status":"closed","template":"","meta":{"footnotes":""},"class_list":["post-44723","page","type-page","status-publish","hentry"],"yoast_head":"<!-- This site is optimized with the Yoast SEO plugin v27.1.1 - https:\/\/yoast.com\/product\/yoast-seo-wordpress\/ -->\n<title>AGB - Mati\u00e8re Brute<\/title>\n<meta name=\"robots\" content=\"noindex, follow\" \/>\n<meta property=\"og:locale\" content=\"de_DE\" \/>\n<meta property=\"og:type\" content=\"article\" \/>\n<meta property=\"og:title\" content=\"AGB - Mati\u00e8re Brute\" \/>\n<meta property=\"og:description\" content=\"MATIERE BRUTE &#8211; ALLGEMEINE GESCH\u00c4FTSBEDINGUNGEN Anwendungsbereich Die vorliegenden Allgemeinen Gesch\u00e4ftsbedingungen (im Folgenden &#8222;AGB&#8220;) regeln in ihrer zum Zeitpunkt der Bestellung g\u00fcltigen Fassung das Vertragsverh\u00e4ltnis zwischen Marie-Laure Gally &#8211;&#8222;Matiere Brute&#8220; (im Folgenden &#8222;Matiere Brute&#8220;) und jede nat\u00fcrliche oder juristische Person (im &hellip; Read More\" \/>\n<meta property=\"og:url\" content=\"https:\/\/matierebrute.ch\/de\/agb\/\" \/>\n<meta property=\"og:site_name\" content=\"Mati\u00e8re Brute\" \/>\n<meta property=\"article:modified_time\" content=\"2023-10-09T06:37:52+00:00\" \/>\n<meta name=\"twitter:card\" content=\"summary_large_image\" \/>\n<meta name=\"twitter:label1\" content=\"Gesch\u00e4tzte Lesezeit\" \/>\n\t<meta name=\"twitter:data1\" content=\"11\u00a0Minuten\" \/>\n<script type=\"application\/ld+json\" class=\"yoast-schema-graph\">{\"@context\":\"https:\/\/schema.org\",\"@graph\":[{\"@type\":\"WebPage\",\"@id\":\"https:\/\/matierebrute.ch\/de\/agb\/\",\"url\":\"https:\/\/matierebrute.ch\/de\/agb\/\",\"name\":\"AGB - Mati\u00e8re Brute\",\"isPartOf\":{\"@id\":\"https:\/\/matierebrute.ch\/de\/#website\"},\"datePublished\":\"2023-01-01T11:29:39+00:00\",\"dateModified\":\"2023-10-09T06:37:52+00:00\",\"breadcrumb\":{\"@id\":\"https:\/\/matierebrute.ch\/de\/agb\/#breadcrumb\"},\"inLanguage\":\"de\",\"potentialAction\":[{\"@type\":\"ReadAction\",\"target\":[\"https:\/\/matierebrute.ch\/de\/agb\/\"]}]},{\"@type\":\"BreadcrumbList\",\"@id\":\"https:\/\/matierebrute.ch\/de\/agb\/#breadcrumb\",\"itemListElement\":[{\"@type\":\"ListItem\",\"position\":1,\"name\":\"Accueil\",\"item\":\"https:\/\/matierebrute.ch\/de\/home\/\"},{\"@type\":\"ListItem\",\"position\":2,\"name\":\"AGB\"}]},{\"@type\":\"WebSite\",\"@id\":\"https:\/\/matierebrute.ch\/de\/#website\",\"url\":\"https:\/\/matierebrute.ch\/de\/\",\"name\":\"Mati\u00e8re Brute\",\"description\":\"Des ateliers chez des artisan\u2219e\u2219s en Suisse romande \u00e0 d\u00e9couvrir\",\"potentialAction\":[{\"@type\":\"SearchAction\",\"target\":{\"@type\":\"EntryPoint\",\"urlTemplate\":\"https:\/\/matierebrute.ch\/de\/?s={search_term_string}\"},\"query-input\":{\"@type\":\"PropertyValueSpecification\",\"valueRequired\":true,\"valueName\":\"search_term_string\"}}],\"inLanguage\":\"de\"}]}<\/script>\n<!-- \/ Yoast SEO plugin. -->","yoast_head_json":{"title":"AGB - Mati\u00e8re Brute","robots":{"index":"noindex","follow":"follow"},"og_locale":"de_DE","og_type":"article","og_title":"AGB - Mati\u00e8re Brute","og_description":"MATIERE BRUTE &#8211; ALLGEMEINE GESCH\u00c4FTSBEDINGUNGEN Anwendungsbereich Die vorliegenden Allgemeinen Gesch\u00e4ftsbedingungen (im Folgenden &#8222;AGB&#8220;) regeln in ihrer zum Zeitpunkt der Bestellung g\u00fcltigen Fassung das Vertragsverh\u00e4ltnis zwischen Marie-Laure Gally &#8211;&#8222;Matiere Brute&#8220; (im Folgenden &#8222;Matiere Brute&#8220;) und jede nat\u00fcrliche oder juristische Person (im &hellip; Read More","og_url":"https:\/\/matierebrute.ch\/de\/agb\/","og_site_name":"Mati\u00e8re Brute","article_modified_time":"2023-10-09T06:37:52+00:00","twitter_card":"summary_large_image","twitter_misc":{"Gesch\u00e4tzte Lesezeit":"11\u00a0Minuten"},"schema":{"@context":"https:\/\/schema.org","@graph":[{"@type":"WebPage","@id":"https:\/\/matierebrute.ch\/de\/agb\/","url":"https:\/\/matierebrute.ch\/de\/agb\/","name":"AGB - Mati\u00e8re Brute","isPartOf":{"@id":"https:\/\/matierebrute.ch\/de\/#website"},"datePublished":"2023-01-01T11:29:39+00:00","dateModified":"2023-10-09T06:37:52+00:00","breadcrumb":{"@id":"https:\/\/matierebrute.ch\/de\/agb\/#breadcrumb"},"inLanguage":"de","potentialAction":[{"@type":"ReadAction","target":["https:\/\/matierebrute.ch\/de\/agb\/"]}]},{"@type":"BreadcrumbList","@id":"https:\/\/matierebrute.ch\/de\/agb\/#breadcrumb","itemListElement":[{"@type":"ListItem","position":1,"name":"Accueil","item":"https:\/\/matierebrute.ch\/de\/home\/"},{"@type":"ListItem","position":2,"name":"AGB"}]},{"@type":"WebSite","@id":"https:\/\/matierebrute.ch\/de\/#website","url":"https:\/\/matierebrute.ch\/de\/","name":"Mati\u00e8re Brute","description":"Des ateliers chez des artisan\u2219e\u2219s en Suisse romande \u00e0 d\u00e9couvrir","potentialAction":[{"@type":"SearchAction","target":{"@type":"EntryPoint","urlTemplate":"https:\/\/matierebrute.ch\/de\/?s={search_term_string}"},"query-input":{"@type":"PropertyValueSpecification","valueRequired":true,"valueName":"search_term_string"}}],"inLanguage":"de"}]}},"_links":{"self":[{"href":"https:\/\/matierebrute.ch\/de\/wp-json\/wp\/v2\/pages\/44723","targetHints":{"allow":["GET"]}}],"collection":[{"href":"https:\/\/matierebrute.ch\/de\/wp-json\/wp\/v2\/pages"}],"about":[{"href":"https:\/\/matierebrute.ch\/de\/wp-json\/wp\/v2\/types\/page"}],"author":[{"embeddable":true,"href":"https:\/\/matierebrute.ch\/de\/wp-json\/wp\/v2\/users\/1"}],"replies":[{"embeddable":true,"href":"https:\/\/matierebrute.ch\/de\/wp-json\/wp\/v2\/comments?post=44723"}],"version-history":[{"count":0,"href":"https:\/\/matierebrute.ch\/de\/wp-json\/wp\/v2\/pages\/44723\/revisions"}],"wp:attachment":[{"href":"https:\/\/matierebrute.ch\/de\/wp-json\/wp\/v2\/media?parent=44723"}],"curies":[{"name":"wp","href":"https:\/\/api.w.org\/{rel}","templated":true}]}}