{"id":44541,"date":"2023-01-01T17:07:49","date_gmt":"2023-01-01T16:07:49","guid":{"rendered":"https:\/\/matierebrute.ch\/geschenkkarte\/"},"modified":"2023-11-22T13:51:18","modified_gmt":"2023-11-22T12:51:18","slug":"geschenkkarte","status":"publish","type":"page","link":"https:\/\/matierebrute.ch\/de\/geschenkkarte\/","title":{"rendered":"Gutschein"},"content":{"rendered":"\t\t<div data-elementor-type=\"wp-page\" data-elementor-id=\"44541\" class=\"elementor elementor-44541 elementor-29414\" data-elementor-post-type=\"page\">\n\t\t\t\t\t\t<section class=\"elementor-section elementor-top-section elementor-element elementor-element-4155d4c elementor-section-height-min-height elementor-section-boxed elementor-section-height-default elementor-section-items-middle\" data-id=\"4155d4c\" data-element_type=\"section\" data-settings=\"{&quot;background_background&quot;:&quot;classic&quot;}\">\n\t\t\t\t\t\t<div class=\"elementor-container elementor-column-gap-default\">\n\t\t\t\t\t<div class=\"elementor-column elementor-col-100 elementor-top-column elementor-element elementor-element-007cdb2\" data-id=\"007cdb2\" data-element_type=\"column\">\n\t\t\t<div class=\"elementor-widget-wrap elementor-element-populated\">\n\t\t\t\t\t\t<div class=\"elementor-element elementor-element-caa7511 elementor-widget elementor-widget-spacer\" data-id=\"caa7511\" data-element_type=\"widget\" data-widget_type=\"spacer.default\">\n\t\t\t\t<div class=\"elementor-widget-container\">\n\t\t\t\t\t\t\t<div class=\"elementor-spacer\">\n\t\t\t<div class=\"elementor-spacer-inner\"><\/div>\n\t\t<\/div>\n\t\t\t\t\t\t<\/div>\n\t\t\t\t<\/div>\n\t\t\t\t<div class=\"elementor-element elementor-element-a2f6c6d elementor-view-default elementor-position-top elementor-widget elementor-widget-themo-header\" data-id=\"a2f6c6d\" data-element_type=\"widget\" data-widget_type=\"themo-header.default\">\n\t\t\t\t<div class=\"elementor-widget-container\">\n\t\t\t\t\t\t\t<div class=\"th-header-wrap\">\n        <div class=\"elementor-icon-box-wrapper \">\n                            <div class=\"elementor-icon-box-content\">\n                    <h1 class=\"elementor-icon-box-title\">\n                        Gutschein                    <\/h1>\n                                        <p class=\"elementor-icon-box-description\"><\/p>\n\n                                    <\/div>\n            <\/div>\n\n        <\/div>\n\n\t\t\t\t\t\t<\/div>\n\t\t\t\t<\/div>\n\t\t\t\t\t<\/div>\n\t\t<\/div>\n\t\t\t\t\t<\/div>\n\t\t<\/section>\n\t\t\t\t<section class=\"elementor-section elementor-top-section elementor-element elementor-element-f22e4e9 elementor-section-boxed elementor-section-height-default elementor-section-height-default\" data-id=\"f22e4e9\" data-element_type=\"section\" data-settings=\"{&quot;background_background&quot;:&quot;classic&quot;}\">\n\t\t\t\t\t\t<div class=\"elementor-container elementor-column-gap-default\">\n\t\t\t\t\t<div class=\"elementor-column elementor-col-33 elementor-top-column elementor-element elementor-element-c2b34f9\" data-id=\"c2b34f9\" data-element_type=\"column\">\n\t\t\t<div class=\"elementor-widget-wrap\">\n\t\t\t\t\t\t\t<\/div>\n\t\t<\/div>\n\t\t\t\t<div class=\"elementor-column elementor-col-33 elementor-top-column elementor-element elementor-element-e674ac5\" data-id=\"e674ac5\" data-element_type=\"column\">\n\t\t\t<div class=\"elementor-widget-wrap\">\n\t\t\t\t\t\t\t<\/div>\n\t\t<\/div>\n\t\t\t\t<div class=\"elementor-column elementor-col-33 elementor-top-column elementor-element elementor-element-0b76507\" data-id=\"0b76507\" data-element_type=\"column\">\n\t\t\t<div class=\"elementor-widget-wrap\">\n\t\t\t\t\t\t\t<\/div>\n\t\t<\/div>\n\t\t\t\t\t<\/div>\n\t\t<\/section>\n\t\t\t\t<section class=\"elementor-section elementor-top-section elementor-element elementor-element-87afec3 elementor-section-boxed elementor-section-height-default elementor-section-height-default\" data-id=\"87afec3\" data-element_type=\"section\" data-settings=\"{&quot;background_background&quot;:&quot;classic&quot;}\">\n\t\t\t\t\t\t<div class=\"elementor-container elementor-column-gap-default\">\n\t\t\t\t\t<div class=\"elementor-column elementor-col-100 elementor-top-column elementor-element elementor-element-b9fa440\" data-id=\"b9fa440\" data-element_type=\"column\">\n\t\t\t<div class=\"elementor-widget-wrap elementor-element-populated\">\n\t\t\t\t\t\t<div class=\"elementor-element elementor-element-bdc4aa2 elementor-view-default elementor-position-top elementor-widget elementor-widget-themo-header\" data-id=\"bdc4aa2\" data-element_type=\"widget\" data-widget_type=\"themo-header.default\">\n\t\t\t\t<div class=\"elementor-widget-container\">\n\t\t\t\t\t\t\t<div class=\"th-header-wrap\">\n        <div class=\"elementor-icon-box-wrapper \">\n                            <div class=\"elementor-icon-box-content\">\n                    <h2 class=\"elementor-icon-box-title\">\n                        Wie funktioniert es?                    <\/h2>\n                                        <p class=\"elementor-icon-box-description\"><\/p>\n\n                                    <\/div>\n            <\/div>\n\n        <\/div>\n\n\t\t\t\t\t\t<\/div>\n\t\t\t\t<\/div>\n\t\t\t\t<div class=\"elementor-element elementor-element-147fe777 elementor-view-default elementor-position-top elementor-widget elementor-widget-themo-header\" data-id=\"147fe777\" data-element_type=\"widget\" data-widget_type=\"themo-header.default\">\n\t\t\t\t<div class=\"elementor-widget-container\">\n\t\t\t\t\t\t\t<div class=\"th-header-wrap\">\n        <div class=\"elementor-icon-box-wrapper \">\n                            <div class=\"elementor-icon-box-content\">\n                    <h2 class=\"elementor-icon-box-title\">\n                                            <\/h2>\n                                        <p class=\"elementor-icon-box-description\">Wird mein Freund oder Freundin den Schmuck- oder den Holz-Workshop bevorzugen? Auf Mati\u00e8re Brute findest du f\u00fcr alle etwas passendes! Wir wissen, dass die Auswahl eines Workshops nicht einfach ist, aber wie sch\u00f6n ist es f\u00fcr die Person, die den Workshop erh\u00e4lt, zu sehen, dass du an sie gedacht und dir \u00fcberlegt hast, was ihr gefallen k\u00f6nnte... \n\nDu musst nur noch ein Teilnahmedatum aus den Vorschl\u00e4gen ausw\u00e4hlen, um sicher zu gehen, dass deine Geschenkkarte auch wirklich in die Tat umgesetzt wird und nicht bei deinen Freunden in der Versenkung verschwindet: den ber\u00fchmten abgelaufenen Gutscheinen. \n\n<\/p>\n\n                                    <\/div>\n            <\/div>\n\n        <\/div>\n\n\t\t\t\t\t\t<\/div>\n\t\t\t\t<\/div>\n\t\t\t\t\t<\/div>\n\t\t<\/div>\n\t\t\t\t\t<\/div>\n\t\t<\/section>\n\t\t<div class=\"elementor-element elementor-element-78ae7a3 e-flex e-con-boxed e-con e-parent\" data-id=\"78ae7a3\" data-element_type=\"container\">\n\t\t\t\t\t<div class=\"e-con-inner\">\n\t\t<div class=\"elementor-element elementor-element-6884c9f e-con-full e-flex e-con e-child\" data-id=\"6884c9f\" data-element_type=\"container\">\n\t\t\t\t<div class=\"elementor-element elementor-element-dce4542 elementor-view-default elementor-position-block-start elementor-mobile-position-block-start elementor-widget elementor-widget-icon-box\" data-id=\"dce4542\" data-element_type=\"widget\" data-widget_type=\"icon-box.default\">\n\t\t\t\t<div class=\"elementor-widget-container\">\n\t\t\t\t\t\t\t<div class=\"elementor-icon-box-wrapper\">\n\n\t\t\t\t\t\t<div class=\"elementor-icon-box-icon\">\n\t\t\t\t<span  class=\"elementor-icon\">\n\t\t\t\t<i aria-hidden=\"true\" class=\"th-linea icon th-linea icon-arrows-question\"><\/i>\t\t\t\t<\/span>\n\t\t\t<\/div>\n\t\t\t\n\t\t\t\t\t\t<div class=\"elementor-icon-box-content\">\n\n\t\t\t\t\t\t\t\t\t<h3 class=\"elementor-icon-box-title\">\n\t\t\t\t\t\t<span  >\n\t\t\t\t\t\t\tW\u00e4hle einen Workshop\t\t\t\t\t\t<\/span>\n\t\t\t\t\t<\/h3>\n\t\t\t\t\n\t\t\t\t\n\t\t\t<\/div>\n\t\t\t\n\t\t<\/div>\n\t\t\t\t\t\t<\/div>\n\t\t\t\t<\/div>\n\t\t\t\t<\/div>\n\t\t<div class=\"elementor-element elementor-element-8512a72 e-con-full e-flex e-con e-child\" data-id=\"8512a72\" data-element_type=\"container\">\n\t\t\t\t<div class=\"elementor-element elementor-element-5195183 elementor-view-default elementor-position-block-start elementor-mobile-position-block-start elementor-widget elementor-widget-icon-box\" data-id=\"5195183\" data-element_type=\"widget\" data-widget_type=\"icon-box.default\">\n\t\t\t\t<div class=\"elementor-widget-container\">\n\t\t\t\t\t\t\t<div class=\"elementor-icon-box-wrapper\">\n\n\t\t\t\t\t\t<div class=\"elementor-icon-box-icon\">\n\t\t\t\t<span  class=\"elementor-icon\">\n\t\t\t\t<i aria-hidden=\"true\" class=\"th-linea icon th-linea icon-basic-calendar\"><\/i>\t\t\t\t<\/span>\n\t\t\t<\/div>\n\t\t\t\n\t\t\t\t\t\t<div class=\"elementor-icon-box-content\">\n\n\t\t\t\t\t\t\t\t\t<h3 class=\"elementor-icon-box-title\">\n\t\t\t\t\t\t<span  >\n\t\t\t\t\t\t\tW\u00e4hle das Datum der Teilnahme\t\t\t\t\t\t<\/span>\n\t\t\t\t\t<\/h3>\n\t\t\t\t\n\t\t\t\t\n\t\t\t<\/div>\n\t\t\t\n\t\t<\/div>\n\t\t\t\t\t\t<\/div>\n\t\t\t\t<\/div>\n\t\t\t\t<\/div>\n\t\t<div class=\"elementor-element elementor-element-1198bff e-con-full e-flex e-con e-child\" data-id=\"1198bff\" data-element_type=\"container\">\n\t\t\t\t<div class=\"elementor-element elementor-element-c20026a elementor-view-default elementor-position-block-start elementor-mobile-position-block-start elementor-widget elementor-widget-icon-box\" data-id=\"c20026a\" data-element_type=\"widget\" data-widget_type=\"icon-box.default\">\n\t\t\t\t<div class=\"elementor-widget-container\">\n\t\t\t\t\t\t\t<div class=\"elementor-icon-box-wrapper\">\n\n\t\t\t\t\t\t<div class=\"elementor-icon-box-icon\">\n\t\t\t\t<span  class=\"elementor-icon\">\n\t\t\t\t<i aria-hidden=\"true\" class=\"th-linea icon th-linea icon-basic-cards-hearts\"><\/i>\t\t\t\t<\/span>\n\t\t\t<\/div>\n\t\t\t\n\t\t\t\t\t\t<div class=\"elementor-icon-box-content\">\n\n\t\t\t\t\t\t\t\t\t<h3 class=\"elementor-icon-box-title\">\n\t\t\t\t\t\t<span  >\n\t\t\t\t\t\t\tW\u00e4hle die Art der Geschenkkarte\t\t\t\t\t\t<\/span>\n\t\t\t\t\t<\/h3>\n\t\t\t\t\n\t\t\t\t\t\t\t\t\t<p class=\"elementor-icon-box-description\">\n\t\t\t\t\t\tPer Post oder E-Mail\t\t\t\t\t<\/p>\n\t\t\t\t\n\t\t\t<\/div>\n\t\t\t\n\t\t<\/div>\n\t\t\t\t\t\t<\/div>\n\t\t\t\t<\/div>\n\t\t\t\t<\/div>\n\t\t<div class=\"elementor-element elementor-element-d0f61a8 e-con-full e-flex e-con e-child\" data-id=\"d0f61a8\" data-element_type=\"container\">\n\t\t\t\t<div class=\"elementor-element elementor-element-1fb084e elementor-view-default elementor-position-block-start elementor-mobile-position-block-start elementor-widget elementor-widget-icon-box\" data-id=\"1fb084e\" data-element_type=\"widget\" data-widget_type=\"icon-box.default\">\n\t\t\t\t<div class=\"elementor-widget-container\">\n\t\t\t\t\t\t\t<div class=\"elementor-icon-box-wrapper\">\n\n\t\t\t\t\t\t<div class=\"elementor-icon-box-icon\">\n\t\t\t\t<span  class=\"elementor-icon\">\n\t\t\t\t<i aria-hidden=\"true\" class=\"th-linea icon th-linea icon-basic-paperplane\"><\/i>\t\t\t\t<\/span>\n\t\t\t<\/div>\n\t\t\t\n\t\t\t\t\t\t<div class=\"elementor-icon-box-content\">\n\n\t\t\t\t\t\t\t\t\t<h3 class=\"elementor-icon-box-title\">\n\t\t\t\t\t\t<span  >\n\t\t\t\t\t\t\tEs ist vollbracht!\t\t\t\t\t\t<\/span>\n\t\t\t\t\t<\/h3>\n\t\t\t\t\n\t\t\t\t\t\t\t\t\t<p class=\"elementor-icon-box-description\">\n\t\t\t\t\t\tErhalte die Geschenkkarte per E-Mail oder an deine Adresse\t\t\t\t\t<\/p>\n\t\t\t\t\n\t\t\t<\/div>\n\t\t\t\n\t\t<\/div>\n\t\t\t\t\t\t<\/div>\n\t\t\t\t<\/div>\n\t\t\t\t<\/div>\n\t\t<div class=\"elementor-element elementor-element-b2ca297 e-con-full e-flex e-con e-child\" data-id=\"b2ca297\" data-element_type=\"container\">\n\t\t\t\t<div class=\"elementor-element elementor-element-ec60987 elementor-view-default elementor-position-block-start elementor-mobile-position-block-start elementor-widget elementor-widget-icon-box\" data-id=\"ec60987\" data-element_type=\"widget\" data-widget_type=\"icon-box.default\">\n\t\t\t\t<div class=\"elementor-widget-container\">\n\t\t\t\t\t\t\t<div class=\"elementor-icon-box-wrapper\">\n\n\t\t\t\t\t\t<div class=\"elementor-icon-box-icon\">\n\t\t\t\t<span  class=\"elementor-icon\">\n\t\t\t\t<i aria-hidden=\"true\" class=\"th-linea icon th-linea icon-music-shuffle-button\"><\/i>\t\t\t\t<\/span>\n\t\t\t<\/div>\n\t\t\t\n\t\t\t\t\t\t<div class=\"elementor-icon-box-content\">\n\n\t\t\t\t\t\t\t\t\t<h3 class=\"elementor-icon-box-title\">\n\t\t\t\t\t\t<span  >\n\t\t\t\t\t\t\tDas Datum passt nicht\t\t\t\t\t\t<\/span>\n\t\t\t\t\t<\/h3>\n\t\t\t\t\n\t\t\t\t\t\t\t\t\t<p class=\"elementor-icon-box-description\">\n\t\t\t\t\t\tDer\/die Gl\u00fcckliche kann den Termin bis zu 10 Tage vor dem Workshop \u00e4ndern.\t\t\t\t\t<\/p>\n\t\t\t\t\n\t\t\t<\/div>\n\t\t\t\n\t\t<\/div>\n\t\t\t\t\t\t<\/div>\n\t\t\t\t<\/div>\n\t\t\t\t<\/div>\n\t\t\t\t\t<\/div>\n\t\t\t\t<\/div>\n\t\t<div class=\"elementor-element elementor-element-36c3c94 e-flex e-con-boxed e-con e-parent\" data-id=\"36c3c94\" data-element_type=\"container\">\n\t\t\t\t\t<div class=\"e-con-inner\">\n\t\t\t\t<div class=\"elementor-element elementor-element-0ec0554 th-btn-align-center elementor-widget elementor-widget-themo-button\" data-id=\"0ec0554\" data-element_type=\"widget\" data-widget_type=\"themo-button.default\">\n\t\t\t\t<div class=\"elementor-widget-container\">\n\t\t\t\t\t\n                \t\t\t<a class=\"btn-1 btn th-btn btn-standard-accent\" href=\"https:\/\/matierebrute.ch\/ateliers\/\">\n\t\t\t\t\t\t\t\t\tW\u00e4hle einen Workshop\t\t\t\t\t\t\t<\/a>\n\t\t\n        \n\t\t\t\t\t\t<\/div>\n\t\t\t\t<\/div>\n\t\t\t\t\t<\/div>\n\t\t\t\t<\/div>\n\t\t<div class=\"elementor-element elementor-element-c1a1d8f e-con-full e-flex e-con e-parent\" data-id=\"c1a1d8f\" data-element_type=\"container\">\n\t\t<div class=\"elementor-element elementor-element-0928e3b e-con-full e-flex e-con e-child\" data-id=\"0928e3b\" data-element_type=\"container\">\n\t\t\t\t<\/div>\n\t\t<div class=\"elementor-element elementor-element-90f78eb e-con-full e-flex e-con e-child\" data-id=\"90f78eb\" data-element_type=\"container\">\n\t\t\t\t<div class=\"elementor-element elementor-element-26be4d2 elementor-widget elementor-widget-spacer\" data-id=\"26be4d2\" data-element_type=\"widget\" data-widget_type=\"spacer.default\">\n\t\t\t\t<div class=\"elementor-widget-container\">\n\t\t\t\t\t\t\t<div class=\"elementor-spacer\">\n\t\t\t<div class=\"elementor-spacer-inner\"><\/div>\n\t\t<\/div>\n\t\t\t\t\t\t<\/div>\n\t\t\t\t<\/div>\n\t\t\t\t<div class=\"elementor-element elementor-element-e2e8a4f elementor-widget elementor-widget-image\" data-id=\"e2e8a4f\" data-element_type=\"widget\" data-widget_type=\"image.default\">\n\t\t\t\t<div class=\"elementor-widget-container\">\n\t\t\t\t\t\t\t\t\t\t\t\t\t\t\t<img decoding=\"async\" src=\"https:\/\/matierebrute.ch\/wp-content\/uploads\/2020\/07\/photo_bon_01.jpg\" title=\"\" alt=\"\" loading=\"lazy\" \/>\t\t\t\t\t\t\t\t\t\t\t\t\t\t\t<\/div>\n\t\t\t\t<\/div>\n\t\t\t\t<div class=\"elementor-element elementor-element-a2b3bdc elementor-widget elementor-widget-text-editor\" data-id=\"a2b3bdc\" data-element_type=\"widget\" data-widget_type=\"text-editor.default\">\n\t\t\t\t<div class=\"elementor-widget-container\">\n\t\t\t\t\t\t\t\t\t<p>Grafische Gestaltung der Geschenkkarte durch <a href=\"https:\/\/www.ultrastudio.ch\/\" target=\"_blank\" rel=\"noopener\">ultra:studio<\/a> | Druck in einer Lausanner Druckerei<\/p>\n<p>Geschenkkarte wird mit einem Umschlag mit japanischem Verschluss geliefert<\/p>\n<p><span style=\"color: #4d5156; font-family: arial, sans-serif; font-size: 14px; font-style: inherit; font-weight: inherit; text-align: var(--text-align);\"> <\/span><\/p>\n\t\t\t\t\t\t\t\t<\/div>\n\t\t\t\t<\/div>\n\t\t\t\t<\/div>\n\t\t<div class=\"elementor-element elementor-element-3cf6f3a e-con-full e-flex e-con e-child\" data-id=\"3cf6f3a\" data-element_type=\"container\">\n\t\t\t\t<\/div>\n\t\t\t\t<\/div>\n\t\t<div class=\"elementor-element elementor-element-2b3d6ff e-con-full e-flex e-con e-parent\" data-id=\"2b3d6ff\" data-element_type=\"container\">\n\t\t\t\t<\/div>\n\t\t\t\t<\/div>\n\t\t","protected":false},"excerpt":{"rendered":"<p>Gutschein Wie funktioniert es? Wird mein Freund oder Freundin den Schmuck- oder den Holz-Workshop bevorzugen? Auf Mati\u00e8re Brute findest du f\u00fcr alle etwas passendes! Wir wissen, dass die Auswahl eines Workshops nicht einfach ist, aber wie sch\u00f6n ist es f\u00fcr &hellip; <a href=\"https:\/\/matierebrute.ch\/de\/geschenkkarte\/\">Read More<\/a><\/p>\n","protected":false},"author":1,"featured_media":0,"parent":0,"menu_order":0,"comment_status":"closed","ping_status":"closed","template":"","meta":{"footnotes":""},"class_list":["post-44541","page","type-page","status-publish","hentry"],"yoast_head":"<!-- This site is optimized with the Yoast SEO plugin v27.1.1 - https:\/\/yoast.com\/product\/yoast-seo-wordpress\/ -->\n<title>Geschenkkarte f\u00fcr einen kreativen Workshop im lokalen Kunst- und Gastrohandwerk verschenken - Mati\u00e8re Brute<\/title>\n<meta name=\"description\" content=\"Mati\u00e8re Brute erm\u00f6glicht es dir, einer nahestehenden Person eine personalisierte Geschenkkarte oder Gutschein f\u00fcr einen Kreativworkshop deiner Wahl im lokalen Kunst- und Gastrohandwerk in der Region zu schenken.\" \/>\n<meta name=\"robots\" content=\"index, follow, max-snippet:-1, max-image-preview:large, max-video-preview:-1\" \/>\n<link rel=\"canonical\" href=\"https:\/\/matierebrute.ch\/de\/geschenkkarte\/\" \/>\n<meta property=\"og:locale\" content=\"de_DE\" \/>\n<meta property=\"og:type\" content=\"article\" \/>\n<meta property=\"og:title\" content=\"Geschenkkarte f\u00fcr einen kreativen Workshop im lokalen Kunst- und Gastrohandwerk verschenken - Mati\u00e8re Brute\" \/>\n<meta property=\"og:description\" content=\"Mati\u00e8re Brute erm\u00f6glicht es dir, einer nahestehenden Person eine personalisierte Geschenkkarte oder Gutschein f\u00fcr einen Kreativworkshop deiner Wahl im lokalen Kunst- und Gastrohandwerk in der Region zu schenken.\" \/>\n<meta property=\"og:url\" content=\"https:\/\/matierebrute.ch\/de\/geschenkkarte\/\" \/>\n<meta property=\"og:site_name\" content=\"Mati\u00e8re Brute\" \/>\n<meta property=\"article:modified_time\" content=\"2023-11-22T12:51:18+00:00\" \/>\n<meta property=\"og:image\" content=\"https:\/\/matierebrute.ch\/wp-content\/uploads\/2020\/07\/photo_bon_01.jpg\" \/>\n<meta name=\"twitter:card\" content=\"summary_large_image\" \/>\n<meta name=\"twitter:label1\" content=\"Gesch\u00e4tzte Lesezeit\" \/>\n\t<meta name=\"twitter:data1\" content=\"2\u00a0Minuten\" \/>\n<script type=\"application\/ld+json\" class=\"yoast-schema-graph\">{\"@context\":\"https:\/\/schema.org\",\"@graph\":[{\"@type\":\"WebPage\",\"@id\":\"https:\/\/matierebrute.ch\/de\/geschenkkarte\/\",\"url\":\"https:\/\/matierebrute.ch\/de\/geschenkkarte\/\",\"name\":\"Geschenkkarte f\u00fcr einen kreativen Workshop im lokalen Kunst- und Gastrohandwerk verschenken - Mati\u00e8re Brute\",\"isPartOf\":{\"@id\":\"https:\/\/matierebrute.ch\/de\/#website\"},\"primaryImageOfPage\":{\"@id\":\"https:\/\/matierebrute.ch\/de\/geschenkkarte\/#primaryimage\"},\"image\":{\"@id\":\"https:\/\/matierebrute.ch\/de\/geschenkkarte\/#primaryimage\"},\"thumbnailUrl\":\"https:\/\/matierebrute.ch\/wp-content\/uploads\/2020\/07\/photo_bon_01.jpg\",\"datePublished\":\"2023-01-01T16:07:49+00:00\",\"dateModified\":\"2023-11-22T12:51:18+00:00\",\"description\":\"Mati\u00e8re Brute erm\u00f6glicht es dir, einer nahestehenden Person eine personalisierte Geschenkkarte oder Gutschein f\u00fcr einen Kreativworkshop deiner Wahl im lokalen Kunst- und Gastrohandwerk in der Region zu schenken.\",\"breadcrumb\":{\"@id\":\"https:\/\/matierebrute.ch\/de\/geschenkkarte\/#breadcrumb\"},\"inLanguage\":\"de\",\"potentialAction\":[{\"@type\":\"ReadAction\",\"target\":[\"https:\/\/matierebrute.ch\/de\/geschenkkarte\/\"]}]},{\"@type\":\"ImageObject\",\"inLanguage\":\"de\",\"@id\":\"https:\/\/matierebrute.ch\/de\/geschenkkarte\/#primaryimage\",\"url\":\"https:\/\/matierebrute.ch\/wp-content\/uploads\/2020\/07\/photo_bon_01.jpg\",\"contentUrl\":\"https:\/\/matierebrute.ch\/wp-content\/uploads\/2020\/07\/photo_bon_01.jpg\"},{\"@type\":\"BreadcrumbList\",\"@id\":\"https:\/\/matierebrute.ch\/de\/geschenkkarte\/#breadcrumb\",\"itemListElement\":[{\"@type\":\"ListItem\",\"position\":1,\"name\":\"Accueil\",\"item\":\"https:\/\/matierebrute.ch\/de\/home\/\"},{\"@type\":\"ListItem\",\"position\":2,\"name\":\"Gutschein\"}]},{\"@type\":\"WebSite\",\"@id\":\"https:\/\/matierebrute.ch\/de\/#website\",\"url\":\"https:\/\/matierebrute.ch\/de\/\",\"name\":\"Mati\u00e8re Brute\",\"description\":\"Des ateliers chez des artisan\u2219e\u2219s en Suisse romande \u00e0 d\u00e9couvrir\",\"potentialAction\":[{\"@type\":\"SearchAction\",\"target\":{\"@type\":\"EntryPoint\",\"urlTemplate\":\"https:\/\/matierebrute.ch\/de\/?s={search_term_string}\"},\"query-input\":{\"@type\":\"PropertyValueSpecification\",\"valueRequired\":true,\"valueName\":\"search_term_string\"}}],\"inLanguage\":\"de\"}]}<\/script>\n<!-- \/ Yoast SEO plugin. -->","yoast_head_json":{"title":"Geschenkkarte f\u00fcr einen kreativen Workshop im lokalen Kunst- und Gastrohandwerk verschenken - Mati\u00e8re Brute","description":"Mati\u00e8re Brute erm\u00f6glicht es dir, einer nahestehenden Person eine personalisierte Geschenkkarte oder Gutschein f\u00fcr einen Kreativworkshop deiner Wahl im lokalen Kunst- und Gastrohandwerk in der Region zu schenken.","robots":{"index":"index","follow":"follow","max-snippet":"max-snippet:-1","max-image-preview":"max-image-preview:large","max-video-preview":"max-video-preview:-1"},"canonical":"https:\/\/matierebrute.ch\/de\/geschenkkarte\/","og_locale":"de_DE","og_type":"article","og_title":"Geschenkkarte f\u00fcr einen kreativen Workshop im lokalen Kunst- und Gastrohandwerk verschenken - Mati\u00e8re Brute","og_description":"Mati\u00e8re Brute erm\u00f6glicht es dir, einer nahestehenden Person eine personalisierte Geschenkkarte oder Gutschein f\u00fcr einen Kreativworkshop deiner Wahl im lokalen Kunst- und Gastrohandwerk in der Region zu schenken.","og_url":"https:\/\/matierebrute.ch\/de\/geschenkkarte\/","og_site_name":"Mati\u00e8re Brute","article_modified_time":"2023-11-22T12:51:18+00:00","og_image":[{"url":"https:\/\/matierebrute.ch\/wp-content\/uploads\/2020\/07\/photo_bon_01.jpg","type":"","width":"","height":""}],"twitter_card":"summary_large_image","twitter_misc":{"Gesch\u00e4tzte Lesezeit":"2\u00a0Minuten"},"schema":{"@context":"https:\/\/schema.org","@graph":[{"@type":"WebPage","@id":"https:\/\/matierebrute.ch\/de\/geschenkkarte\/","url":"https:\/\/matierebrute.ch\/de\/geschenkkarte\/","name":"Geschenkkarte f\u00fcr einen kreativen Workshop im lokalen Kunst- und Gastrohandwerk verschenken - Mati\u00e8re Brute","isPartOf":{"@id":"https:\/\/matierebrute.ch\/de\/#website"},"primaryImageOfPage":{"@id":"https:\/\/matierebrute.ch\/de\/geschenkkarte\/#primaryimage"},"image":{"@id":"https:\/\/matierebrute.ch\/de\/geschenkkarte\/#primaryimage"},"thumbnailUrl":"https:\/\/matierebrute.ch\/wp-content\/uploads\/2020\/07\/photo_bon_01.jpg","datePublished":"2023-01-01T16:07:49+00:00","dateModified":"2023-11-22T12:51:18+00:00","description":"Mati\u00e8re Brute erm\u00f6glicht es dir, einer nahestehenden Person eine personalisierte Geschenkkarte oder Gutschein f\u00fcr einen Kreativworkshop deiner Wahl im lokalen Kunst- und Gastrohandwerk in der Region zu schenken.","breadcrumb":{"@id":"https:\/\/matierebrute.ch\/de\/geschenkkarte\/#breadcrumb"},"inLanguage":"de","potentialAction":[{"@type":"ReadAction","target":["https:\/\/matierebrute.ch\/de\/geschenkkarte\/"]}]},{"@type":"ImageObject","inLanguage":"de","@id":"https:\/\/matierebrute.ch\/de\/geschenkkarte\/#primaryimage","url":"https:\/\/matierebrute.ch\/wp-content\/uploads\/2020\/07\/photo_bon_01.jpg","contentUrl":"https:\/\/matierebrute.ch\/wp-content\/uploads\/2020\/07\/photo_bon_01.jpg"},{"@type":"BreadcrumbList","@id":"https:\/\/matierebrute.ch\/de\/geschenkkarte\/#breadcrumb","itemListElement":[{"@type":"ListItem","position":1,"name":"Accueil","item":"https:\/\/matierebrute.ch\/de\/home\/"},{"@type":"ListItem","position":2,"name":"Gutschein"}]},{"@type":"WebSite","@id":"https:\/\/matierebrute.ch\/de\/#website","url":"https:\/\/matierebrute.ch\/de\/","name":"Mati\u00e8re Brute","description":"Des ateliers chez des artisan\u2219e\u2219s en Suisse romande \u00e0 d\u00e9couvrir","potentialAction":[{"@type":"SearchAction","target":{"@type":"EntryPoint","urlTemplate":"https:\/\/matierebrute.ch\/de\/?s={search_term_string}"},"query-input":{"@type":"PropertyValueSpecification","valueRequired":true,"valueName":"search_term_string"}}],"inLanguage":"de"}]}},"_links":{"self":[{"href":"https:\/\/matierebrute.ch\/de\/wp-json\/wp\/v2\/pages\/44541","targetHints":{"allow":["GET"]}}],"collection":[{"href":"https:\/\/matierebrute.ch\/de\/wp-json\/wp\/v2\/pages"}],"about":[{"href":"https:\/\/matierebrute.ch\/de\/wp-json\/wp\/v2\/types\/page"}],"author":[{"embeddable":true,"href":"https:\/\/matierebrute.ch\/de\/wp-json\/wp\/v2\/users\/1"}],"replies":[{"embeddable":true,"href":"https:\/\/matierebrute.ch\/de\/wp-json\/wp\/v2\/comments?post=44541"}],"version-history":[{"count":0,"href":"https:\/\/matierebrute.ch\/de\/wp-json\/wp\/v2\/pages\/44541\/revisions"}],"wp:attachment":[{"href":"https:\/\/matierebrute.ch\/de\/wp-json\/wp\/v2\/media?parent=44541"}],"curies":[{"name":"wp","href":"https:\/\/api.w.org\/{rel}","templated":true}]}}