{"id":39150,"date":"2022-05-16T20:24:49","date_gmt":"2022-05-16T18:24:49","guid":{"rendered":"https:\/\/matierebrute.ch\/?page_id=39150"},"modified":"2022-05-18T08:12:55","modified_gmt":"2022-05-18T06:12:55","slug":"vinification","status":"publish","type":"page","link":"https:\/\/matierebrute.ch\/de\/vinification\/","title":{"rendered":"vinification"},"content":{"rendered":"\t\t<div data-elementor-type=\"wp-page\" data-elementor-id=\"39150\" class=\"elementor elementor-39150\" data-elementor-post-type=\"page\">\n\t\t\t\t\t\t<section class=\"elementor-section elementor-top-section elementor-element elementor-element-ffdd23c elementor-section-boxed elementor-section-height-default elementor-section-height-default\" data-id=\"ffdd23c\" data-element_type=\"section\">\n\t\t\t\t\t\t<div class=\"elementor-container elementor-column-gap-default\">\n\t\t\t\t\t<div class=\"elementor-column elementor-col-100 elementor-top-column elementor-element elementor-element-3037974\" data-id=\"3037974\" data-element_type=\"column\">\n\t\t\t<div class=\"elementor-widget-wrap elementor-element-populated\">\n\t\t\t\t\t\t<div class=\"elementor-element elementor-element-e72da41 elementor-widget elementor-widget-spacer\" data-id=\"e72da41\" data-element_type=\"widget\" data-widget_type=\"spacer.default\">\n\t\t\t\t<div class=\"elementor-widget-container\">\n\t\t\t\t\t\t\t<div class=\"elementor-spacer\">\n\t\t\t<div class=\"elementor-spacer-inner\"><\/div>\n\t\t<\/div>\n\t\t\t\t\t\t<\/div>\n\t\t\t\t<\/div>\n\t\t\t\t<div class=\"elementor-element elementor-element-0826fd3 elementor-widget elementor-widget-text-editor\" data-id=\"0826fd3\" data-element_type=\"widget\" data-widget_type=\"text-editor.default\">\n\t\t\t\t<div class=\"elementor-widget-container\">\n\t\t\t\t\t\t\t\t\t<p>La vigne \u00e9voluant \u00e0 son rythme, les dates de certains ateliers ne peuvent pas \u00eatre connues \u00e0 ce stade.<\/p><p>Veuillez remplir le formulaire ci-dessous afin que nous puissions vous contacter une fois les dates connues :\u00a0<\/p>\t\t\t\t\t\t\t\t<\/div>\n\t\t\t\t<\/div>\n\t\t\t\t<div class=\"elementor-element elementor-element-4f797df elementor-widget-divider--view-line elementor-widget elementor-widget-divider\" data-id=\"4f797df\" data-element_type=\"widget\" data-widget_type=\"divider.default\">\n\t\t\t\t<div class=\"elementor-widget-container\">\n\t\t\t\t\t\t\t<div class=\"elementor-divider\">\n\t\t\t<span class=\"elementor-divider-separator\">\n\t\t\t\t\t\t<\/span>\n\t\t<\/div>\n\t\t\t\t\t\t<\/div>\n\t\t\t\t<\/div>\n\t\t\t\t<div class=\"elementor-element elementor-element-fc8c85d elementor-widget elementor-widget-heading\" data-id=\"fc8c85d\" data-element_type=\"widget\" data-widget_type=\"heading.default\">\n\t\t\t\t<div class=\"elementor-widget-container\">\n\t\t\t\t\t<h2 class=\"elementor-heading-title elementor-size-default\">Formulaire - vinification<\/h2>\t\t\t\t<\/div>\n\t\t\t\t<\/div>\n\t\t\t\t<div class=\"elementor-element elementor-element-7dbcc6f elementor-widget elementor-widget-spacer\" data-id=\"7dbcc6f\" data-element_type=\"widget\" data-widget_type=\"spacer.default\">\n\t\t\t\t<div class=\"elementor-widget-container\">\n\t\t\t\t\t\t\t<div class=\"elementor-spacer\">\n\t\t\t<div class=\"elementor-spacer-inner\"><\/div>\n\t\t<\/div>\n\t\t\t\t\t\t<\/div>\n\t\t\t\t<\/div>\n\t\t\t\t<div class=\"elementor-element elementor-element-01f00ad elementor-widget elementor-widget-themo-formidable-form\" data-id=\"01f00ad\" data-element_type=\"widget\" data-widget_type=\"themo-formidable-form.default\">\n\t\t\t\t<div class=\"elementor-widget-container\">\n\t\t\t\t\t            <div class=\"th-fo-form  th-centered th-form-default  th-btn-form btn-standard-primary-form\">[formidable id=40]<\/div>\n            \t\t\t\t<\/div>\n\t\t\t\t<\/div>\n\t\t\t\t<div class=\"elementor-element elementor-element-85477aa elementor-widget elementor-widget-spacer\" data-id=\"85477aa\" data-element_type=\"widget\" data-widget_type=\"spacer.default\">\n\t\t\t\t<div class=\"elementor-widget-container\">\n\t\t\t\t\t\t\t<div class=\"elementor-spacer\">\n\t\t\t<div class=\"elementor-spacer-inner\"><\/div>\n\t\t<\/div>\n\t\t\t\t\t\t<\/div>\n\t\t\t\t<\/div>\n\t\t\t\t\t<\/div>\n\t\t<\/div>\n\t\t\t\t\t<\/div>\n\t\t<\/section>\n\t\t\t\t<\/div>\n\t\t","protected":false},"excerpt":{"rendered":"<p>La vigne \u00e9voluant \u00e0 son rythme, les dates de certains ateliers ne peuvent pas \u00eatre connues \u00e0 ce stade. Veuillez remplir le formulaire ci-dessous afin que nous puissions vous contacter une fois les dates connues :\u00a0 Formulaire &#8211; vinification Liste &hellip; <a href=\"https:\/\/matierebrute.ch\/de\/vinification\/\">Read More<\/a><\/p>\n","protected":false},"author":1,"featured_media":0,"parent":0,"menu_order":0,"comment_status":"closed","ping_status":"closed","template":"","meta":{"footnotes":""},"class_list":["post-39150","page","type-page","status-publish","hentry"],"yoast_head":"<!-- This site is optimized with the Yoast SEO plugin v27.1.1 - https:\/\/yoast.com\/product\/yoast-seo-wordpress\/ -->\n<title>vinification - Mati\u00e8re Brute<\/title>\n<meta name=\"robots\" content=\"index, follow, max-snippet:-1, max-image-preview:large, max-video-preview:-1\" \/>\n<link rel=\"canonical\" href=\"https:\/\/matierebrute.ch\/de\/vinification\/\" \/>\n<meta property=\"og:locale\" content=\"de_DE\" \/>\n<meta property=\"og:type\" content=\"article\" \/>\n<meta property=\"og:title\" content=\"vinification - Mati\u00e8re Brute\" \/>\n<meta property=\"og:description\" content=\"La vigne \u00e9voluant \u00e0 son rythme, les dates de certains ateliers ne peuvent pas \u00eatre connues \u00e0 ce stade. Veuillez remplir le formulaire ci-dessous afin que nous puissions vous contacter une fois les dates connues :\u00a0 Formulaire &#8211; vinification Liste &hellip; Read More\" \/>\n<meta property=\"og:url\" content=\"https:\/\/matierebrute.ch\/de\/vinification\/\" \/>\n<meta property=\"og:site_name\" content=\"Mati\u00e8re Brute\" \/>\n<meta property=\"article:modified_time\" content=\"2022-05-18T06:12:55+00:00\" \/>\n<meta name=\"twitter:card\" content=\"summary_large_image\" \/>\n<meta name=\"twitter:label1\" content=\"Gesch\u00e4tzte Lesezeit\" \/>\n\t<meta name=\"twitter:data1\" content=\"1\u00a0Minute\" \/>\n<script type=\"application\/ld+json\" class=\"yoast-schema-graph\">{\"@context\":\"https:\/\/schema.org\",\"@graph\":[{\"@type\":\"WebPage\",\"@id\":\"https:\/\/matierebrute.ch\/de\/vinification\/\",\"url\":\"https:\/\/matierebrute.ch\/de\/vinification\/\",\"name\":\"vinification - Mati\u00e8re Brute\",\"isPartOf\":{\"@id\":\"https:\/\/matierebrute.ch\/de\/#website\"},\"datePublished\":\"2022-05-16T18:24:49+00:00\",\"dateModified\":\"2022-05-18T06:12:55+00:00\",\"breadcrumb\":{\"@id\":\"https:\/\/matierebrute.ch\/de\/vinification\/#breadcrumb\"},\"inLanguage\":\"de\",\"potentialAction\":[{\"@type\":\"ReadAction\",\"target\":[\"https:\/\/matierebrute.ch\/de\/vinification\/\"]}]},{\"@type\":\"BreadcrumbList\",\"@id\":\"https:\/\/matierebrute.ch\/de\/vinification\/#breadcrumb\",\"itemListElement\":[{\"@type\":\"ListItem\",\"position\":1,\"name\":\"Accueil\",\"item\":\"https:\/\/matierebrute.ch\/de\/home\/\"},{\"@type\":\"ListItem\",\"position\":2,\"name\":\"vinification\"}]},{\"@type\":\"WebSite\",\"@id\":\"https:\/\/matierebrute.ch\/de\/#website\",\"url\":\"https:\/\/matierebrute.ch\/de\/\",\"name\":\"Mati\u00e8re Brute\",\"description\":\"Des ateliers chez des artisan\u2219e\u2219s en Suisse romande \u00e0 d\u00e9couvrir\",\"potentialAction\":[{\"@type\":\"SearchAction\",\"target\":{\"@type\":\"EntryPoint\",\"urlTemplate\":\"https:\/\/matierebrute.ch\/de\/?s={search_term_string}\"},\"query-input\":{\"@type\":\"PropertyValueSpecification\",\"valueRequired\":true,\"valueName\":\"search_term_string\"}}],\"inLanguage\":\"de\"}]}<\/script>\n<!-- \/ Yoast SEO plugin. -->","yoast_head_json":{"title":"vinification - Mati\u00e8re Brute","robots":{"index":"index","follow":"follow","max-snippet":"max-snippet:-1","max-image-preview":"max-image-preview:large","max-video-preview":"max-video-preview:-1"},"canonical":"https:\/\/matierebrute.ch\/de\/vinification\/","og_locale":"de_DE","og_type":"article","og_title":"vinification - Mati\u00e8re Brute","og_description":"La vigne \u00e9voluant \u00e0 son rythme, les dates de certains ateliers ne peuvent pas \u00eatre connues \u00e0 ce stade. Veuillez remplir le formulaire ci-dessous afin que nous puissions vous contacter une fois les dates connues :\u00a0 Formulaire &#8211; vinification Liste &hellip; Read More","og_url":"https:\/\/matierebrute.ch\/de\/vinification\/","og_site_name":"Mati\u00e8re Brute","article_modified_time":"2022-05-18T06:12:55+00:00","twitter_card":"summary_large_image","twitter_misc":{"Gesch\u00e4tzte Lesezeit":"1\u00a0Minute"},"schema":{"@context":"https:\/\/schema.org","@graph":[{"@type":"WebPage","@id":"https:\/\/matierebrute.ch\/de\/vinification\/","url":"https:\/\/matierebrute.ch\/de\/vinification\/","name":"vinification - Mati\u00e8re Brute","isPartOf":{"@id":"https:\/\/matierebrute.ch\/de\/#website"},"datePublished":"2022-05-16T18:24:49+00:00","dateModified":"2022-05-18T06:12:55+00:00","breadcrumb":{"@id":"https:\/\/matierebrute.ch\/de\/vinification\/#breadcrumb"},"inLanguage":"de","potentialAction":[{"@type":"ReadAction","target":["https:\/\/matierebrute.ch\/de\/vinification\/"]}]},{"@type":"BreadcrumbList","@id":"https:\/\/matierebrute.ch\/de\/vinification\/#breadcrumb","itemListElement":[{"@type":"ListItem","position":1,"name":"Accueil","item":"https:\/\/matierebrute.ch\/de\/home\/"},{"@type":"ListItem","position":2,"name":"vinification"}]},{"@type":"WebSite","@id":"https:\/\/matierebrute.ch\/de\/#website","url":"https:\/\/matierebrute.ch\/de\/","name":"Mati\u00e8re Brute","description":"Des ateliers chez des artisan\u2219e\u2219s en Suisse romande \u00e0 d\u00e9couvrir","potentialAction":[{"@type":"SearchAction","target":{"@type":"EntryPoint","urlTemplate":"https:\/\/matierebrute.ch\/de\/?s={search_term_string}"},"query-input":{"@type":"PropertyValueSpecification","valueRequired":true,"valueName":"search_term_string"}}],"inLanguage":"de"}]}},"_links":{"self":[{"href":"https:\/\/matierebrute.ch\/de\/wp-json\/wp\/v2\/pages\/39150","targetHints":{"allow":["GET"]}}],"collection":[{"href":"https:\/\/matierebrute.ch\/de\/wp-json\/wp\/v2\/pages"}],"about":[{"href":"https:\/\/matierebrute.ch\/de\/wp-json\/wp\/v2\/types\/page"}],"author":[{"embeddable":true,"href":"https:\/\/matierebrute.ch\/de\/wp-json\/wp\/v2\/users\/1"}],"replies":[{"embeddable":true,"href":"https:\/\/matierebrute.ch\/de\/wp-json\/wp\/v2\/comments?post=39150"}],"version-history":[{"count":0,"href":"https:\/\/matierebrute.ch\/de\/wp-json\/wp\/v2\/pages\/39150\/revisions"}],"wp:attachment":[{"href":"https:\/\/matierebrute.ch\/de\/wp-json\/wp\/v2\/media?parent=39150"}],"curies":[{"name":"wp","href":"https:\/\/api.w.org\/{rel}","templated":true}]}}